{"id":1265,"date":"2020-08-10T18:34:16","date_gmt":"2020-08-10T18:34:16","guid":{"rendered":"https:\/\/www.dsengineers.com\/?page_id=1265"},"modified":"2024-10-17T12:45:52","modified_gmt":"2024-10-17T12:45:52","slug":"dsec-brochures","status":"publish","type":"page","link":"https:\/\/www.dsengineers.com\/en\/more\/dsec-brochures\/","title":{"rendered":"DSEC Brochures"},"content":{"rendered":"<div class=\"wpb-content-wrapper\"><p>[vc_row el_class=&#8221;ht-11 above&#8221;][vc_column el_class=&#8221;bg-white above pt-4 pl-3 pr-3&#8243;][vc_custom_heading text=&#8221;Brochures&#8221; font_container=&#8221;tag:h4|text_align:center|color:%23027983&#8243; use_theme_fonts=&#8221;yes&#8221;][vc_empty_space height=&#8221;35px&#8221;][\/vc_column][\/vc_row][vc_row full_width=&#8221;stretch_row_content&#8221; gap=&#8221;35&#8243; el_class=&#8221;mb-0 pt-3 folder pb-5&#8243; css=&#8221;.vc_custom_1597131366687{background-image: url(https:\/\/www.dsengineers.com\/files\/uploads\/2020\/07\/desmet-logo-bg.svg?id=22) !important;background-position: center !important;background-repeat: no-repeat !important;background-size: contain !important;}&#8221;][vc_column width=&#8221;1\/2&#8243; el_class=&#8221;bg-white pt-1 pl-2 pr-2 box-shadow&#8221; offset=&#8221;vc_col-lg-1\/5 vc_col-md-3&#8243;][vc_row_inner][vc_column_inner el_class=&#8221;p-1 bg-white&#8221;][vc_single_image image=&#8221;17702&#8243; img_size=&#8221;full&#8221; alignment=&#8221;center&#8221; onclick=&#8221;zoom&#8221; el_class=&#8221;mb-0&#8243;][\/vc_column_inner][\/vc_row_inner][vc_row_inner content_placement=&#8221;middle&#8221; el_class=&#8221;brochure&#8221;][vc_column_inner el_class=&#8221;pl-1 pl-md-3 pr-1 pr-md-3 bg-alt pt-2 mb-1&#8243;][vc_column_text]<\/p>\n<p style=\"text-align: center;\"><a href=\"https:\/\/www.dsengineers.com\/en\/more\/dsec-brochures\/attachment\/en-dsec-we-build-plants-2022-sd-v01\/\" target=\"_blank\" rel=\"attachment noopener wp-att-17680 noreferrer\"><strong>DSEC <\/strong><br \/>\nGeneral Presentation EN<\/a><br \/>\n<a href=\"https:\/\/www.dsengineers.com\/en\/more\/dsec-brochures\/attachment\/dsec-we-build-plants-2022-sd-fr-v01\/\" target=\"_blank\" rel=\"attachment noopener wp-att-17794 noreferrer\">Pr\u00e9sentation G\u00e9nerale FR<\/a><br \/>\n<a href=\"https:\/\/www.dsengineers.com\/en\/more\/dsec-brochures\/attachment\/es-dsec-construimos-plantas-2022-sd-v01\/\" target=\"_blank\" rel=\"attachment noopener wp-att-17691 noreferrer\">Presentaci\u00f3n General ES<\/a><\/p>\n<p>[\/vc_column_text][\/vc_column_inner][\/vc_row_inner][\/vc_column][vc_column width=&#8221;1\/2&#8243; el_class=&#8221;bg-white pt-1 pl-2 pr-2 box-shadow&#8221; offset=&#8221;vc_col-lg-1\/5 vc_col-md-3&#8243;][vc_row_inner][vc_column_inner el_class=&#8221;p-1 bg-white&#8221;][vc_single_image image=&#8221;14677&#8243; img_size=&#8221;full&#8221; alignment=&#8221;center&#8221; onclick=&#8221;zoom&#8221; el_class=&#8221;mb-0&#8243;][\/vc_column_inner][\/vc_row_inner][vc_row_inner content_placement=&#8221;middle&#8221; el_class=&#8221;brochure&#8221;][vc_column_inner el_class=&#8221;pl-1 pl-md-3 pr-1 pr-md-3 bg-alt pt-2 mb-1&#8243;][vc_column_text]<\/p>\n<p style=\"text-align: center;\"><strong><a href=\"\/en\/more\/dsec-brochures\/attachment\/dsec-sugar-derivatives-lrb-new-logo\/\" target=\"_blank\" rel=\"noopener noreferrer\">DSEC<br \/>\n<\/a><\/strong><a href=\"https:\/\/www.dsengineers.com\/en\/more\/dsec-brochures\/attachment\/dsec-sugar-derivatives-lrb-new-logo\/\" target=\"_blank\" rel=\"attachment noopener wp-att-14673 noreferrer\">Sugar &amp;<br \/>\nDerivatives EN<\/a><br \/>\n<a href=\"https:\/\/www.dsengineers.com\/en\/more\/dsec-brochures\/attachment\/dsec-sucre-et-derives-2019-lr-new-logo\/\" target=\"_blank\" rel=\"attachment noopener wp-att-14768 noreferrer\">Sucre et<br \/>\nDeriv\u00e9s FR<\/a><br \/>\n<a href=\"https:\/\/www.dsengineers.com\/en\/more\/dsec-brochures\/attachment\/dsec-azucar-y-derivados-2019-lr-new-logo\/\" target=\"_blank\" rel=\"attachment noopener wp-att-14772 noreferrer\">Az\u00facar y<br \/>\nDerivados ES<\/a><\/p>\n<p>[\/vc_column_text][\/vc_column_inner][\/vc_row_inner][\/vc_column][vc_column width=&#8221;1\/2&#8243; el_class=&#8221;bg-white pt-1 pl-2 pr-2 box-shadow&#8221; offset=&#8221;vc_col-lg-1\/5 vc_col-md-3&#8243;][vc_row_inner][vc_column_inner el_class=&#8221;p-1 bg-white&#8221;][vc_single_image image=&#8221;21155&#8243; img_size=&#8221;full&#8221; alignment=&#8221;center&#8221; onclick=&#8221;zoom&#8221; el_class=&#8221;mb-0&#8243;][\/vc_column_inner][\/vc_row_inner][vc_row_inner content_placement=&#8221;middle&#8221; el_class=&#8221;brochure&#8221;][vc_column_inner el_class=&#8221;pl-1 pl-md-3 pr-1 pr-md-3 bg-alt pt-2 mb-1&#8243;][vc_column_text]<\/p>\n<p style=\"text-align: center;\"><a href=\"https:\/\/www.dsengineers.com\/en\/more\/dsec-brochures\/attachment\/brochure-biobased-industries-dsec-2024-v06-en\/\" target=\"_blank\" rel=\"attachment noopener wp-att-21166\"><strong>DSEC<\/strong><br \/>\nBiobased Industries EN<\/a><br \/>\n<a href=\"https:\/\/www.dsengineers.com\/en\/more\/dsec-brochures\/attachment\/brochure-industries-biosourcees-dsec-2024-v06-fr\/\" target=\"_blank\" rel=\"attachment noopener wp-att-21170\">Industrie Biobas\u00e9 FR<\/a><br \/>\n<a href=\"https:\/\/www.dsengineers.com\/en\/more\/dsec-brochures\/attachment\/brochure-industrias-base-biologica-dsec-2024-v06-es\/\" target=\"_blank\" rel=\"attachment noopener wp-att-21304\">Industrias Base Bio ES<\/a><\/p>\n<p>[\/vc_column_text][\/vc_column_inner][\/vc_row_inner][\/vc_column][vc_column width=&#8221;1\/2&#8243; el_class=&#8221;bg-white pt-1 pl-2 pr-2 box-shadow&#8221; offset=&#8221;vc_col-lg-1\/5 vc_col-md-3&#8243;][vc_row_inner][vc_column_inner el_class=&#8221;p-1 bg-white&#8221;][vc_single_image image=&#8221;21181&#8243; img_size=&#8221;full&#8221; alignment=&#8221;center&#8221; onclick=&#8221;zoom&#8221; el_class=&#8221;mb-0&#8243;][\/vc_column_inner][\/vc_row_inner][vc_row_inner content_placement=&#8221;middle&#8221; el_class=&#8221;brochure&#8221;][vc_column_inner el_class=&#8221;pl-1 pl-md-3 pr-1 pr-md-3 bg-alt pt-2 mb-1&#8243;][vc_column_text]<\/p>\n<p style=\"text-align: center;\"><a href=\"https:\/\/www.dsengineers.com\/en\/more\/dsec-brochures\/attachment\/brochure-biofuels-industries-dsec-2024-v03-en\/\" target=\"_blank\" rel=\"attachment noopener wp-att-21185\"><strong>DSEC<\/strong><br \/>\nBiofuels Industries EN<\/a><br \/>\n<a href=\"https:\/\/www.dsengineers.com\/en\/more\/dsec-brochures\/attachment\/brochure-industries-biocarburants-dsec-2024-v03-fr\/\" target=\"_blank\" rel=\"attachment noopener wp-att-21189\">Biocarburants FR<\/a><br \/>\n<a href=\"https:\/\/www.dsengineers.com\/en\/more\/dsec-brochures\/attachment\/brochure-industrias-de-los-biocombustibles-dsec-2024-v03-es\/\" target=\"_blank\" rel=\"attachment noopener wp-att-21315\">Biocombustibles ES<\/a><\/p>\n<p>[\/vc_column_text][\/vc_column_inner][\/vc_row_inner][\/vc_column][vc_column width=&#8221;1\/2&#8243; el_class=&#8221;bg-white pt-1 pl-2 pr-2 box-shadow&#8221; offset=&#8221;vc_col-lg-1\/5 vc_col-md-3&#8243;][vc_row_inner][vc_column_inner el_class=&#8221;p-1 bg-white&#8221;][vc_single_image image=&#8221;21207&#8243; img_size=&#8221;full&#8221; alignment=&#8221;center&#8221; onclick=&#8221;zoom&#8221; el_class=&#8221;mb-0&#8243;][\/vc_column_inner][\/vc_row_inner][vc_row_inner content_placement=&#8221;middle&#8221; el_class=&#8221;brochure&#8221;][vc_column_inner el_class=&#8221;pl-1 pl-md-3 pr-1 pr-md-3 bg-alt pt-2 mb-1&#8243;][vc_column_text]<\/p>\n<p style=\"text-align: center;\"><a href=\"https:\/\/www.dsengineers.com\/en\/more\/dsec-brochures\/attachment\/brochure-vegoils-and-derivatives-dsec-2024-v06-en\/\" target=\"_blank\" rel=\"attachment noopener wp-att-21211\"><strong>DSEC<\/strong><br \/>\nVegOils &amp; Derivatives EN<\/a><br \/>\n<a href=\"https:\/\/www.dsengineers.com\/en\/more\/dsec-brochures\/attachment\/brochure-vegoils-et-derives-dsec-2024-v06-fr\/\" target=\"_blank\" rel=\"attachment noopener wp-att-21215\">HuilesVeg et Deriv\u00e9s FR<\/a><br \/>\n<a href=\"https:\/\/www.dsengineers.com\/en\/more\/dsec-brochures\/attachment\/brochure-aceites-vegetales-y-derivados-dsec-2024-v06-es\/\" target=\"_blank\" rel=\"attachment noopener wp-att-21326\">AceitesVeg y Derivados ES<\/a><\/p>\n<p>[\/vc_column_text][\/vc_column_inner][\/vc_row_inner][\/vc_column][\/vc_row][vc_row full_width=&#8221;stretch_row_content&#8221; gap=&#8221;35&#8243; el_class=&#8221;mb-5 pb-5 pt-3 folder&#8221; css=&#8221;.vc_custom_1597132190228{background-image: url(https:\/\/www.dsengineers.com\/files\/uploads\/2020\/07\/desmet-logo-bg.svg?id=22) !important;background-position: center !important;background-repeat: no-repeat !important;background-size: contain !important;}&#8221;][vc_column width=&#8221;1\/2&#8243; el_class=&#8221;bg-white pt-1 pl-2 pr-2 box-shadow&#8221; offset=&#8221;vc_col-lg-1\/5 vc_col-md-3&#8243;][vc_row_inner][vc_column_inner el_class=&#8221;p-1 bg-white&#8221;][vc_single_image image=&#8221;14917&#8243; img_size=&#8221;full&#8221; alignment=&#8221;center&#8221; onclick=&#8221;zoom&#8221; el_class=&#8221;mb-0&#8243;][\/vc_column_inner][\/vc_row_inner][vc_row_inner content_placement=&#8221;middle&#8221; el_class=&#8221;brochure&#8221;][vc_column_inner el_class=&#8221;pl-1 pl-md-3 pr-1 pr-md-3 bg-alt pt-2 mb-1&#8243;][vc_column_text]<\/p>\n<p style=\"text-align: center;\"><strong><a href=\"https:\/\/www.dsengineers.com\/en\/more\/dsec-brochures\/attachment\/fertilizers-capability-statement-dsag-v05-2024-ds-sd\/\" rel=\"attachment wp-att-21080\">DSAG\u00a0 <\/a><br \/>\n<\/strong><a href=\"https:\/\/www.dsengineers.com\/en\/more\/dsec-brochures\/attachment\/fertilizers-capability-statement-dsag-v05-2024-ds-sd\/\" target=\"_blank\" rel=\"attachment noopener wp-att-21080\">Fertilizers Capability Statement EN<\/a><br \/>\n<a href=\"https:\/\/www.dsengineers.com\/en\/more\/dsec-brochures\/attachment\/engrais-declaration-de-capacite-dsag-v04-fr-2024\/\" target=\"_blank\" rel=\"attachment noopener wp-att-21348\">Engrais D\u00e9claration de Capacit\u00e9 FR<\/a><\/p>\n<p>[\/vc_column_text][\/vc_column_inner][\/vc_row_inner][\/vc_column][vc_column width=&#8221;1\/2&#8243; el_class=&#8221;bg-white pt-1 pl-2 pr-2 box-shadow&#8221; offset=&#8221;vc_col-lg-1\/5 vc_col-md-3&#8243;][vc_row_inner][vc_column_inner el_class=&#8221;p-1 bg-white&#8221;][vc_single_image image=&#8221;21240&#8243; img_size=&#8221;full&#8221; alignment=&#8221;center&#8221; onclick=&#8221;zoom&#8221; el_class=&#8221;mb-0&#8243;][\/vc_column_inner][\/vc_row_inner][vc_row_inner content_placement=&#8221;middle&#8221; el_class=&#8221;brochure&#8221;][vc_column_inner el_class=&#8221;pl-1 pl-md-3 pr-1 pr-md-3 bg-alt pt-2 mb-1&#8243;][vc_column_text]<\/p>\n<p style=\"text-align: center;\"><a href=\"https:\/\/www.dsengineers.com\/en\/more\/dsec-brochures\/attachment\/brochure-sugar-cane-diffusion-dsec-v02-2024-en\/\" target=\"_blank\" rel=\"attachment noopener wp-att-21244\"><strong>DSEC<\/strong><br \/>\nSugar Cane Diffusion EN<\/a><br \/>\n<a href=\"https:\/\/www.dsengineers.com\/en\/more\/dsec-brochures\/attachment\/brochure-difusion-cana-de-azucar-dsec-v02-2024-es\/\" target=\"_blank\" rel=\"attachment noopener wp-att-21248\">Difusi\u00f3n de Ca\u00f1a de Az\u00facar ES<\/a><br \/>\n<a href=\"https:\/\/www.dsengineers.com\/en\/more\/dsec-brochures\/attachment\/brochure-diffusion-cane-a-sucre-v02-dsec-2024-fr\/\" target=\"_blank\" rel=\"attachment noopener wp-att-21337\">Diffusion Cane \u00e0 Sucre FR<\/a><\/p>\n<p>[\/vc_column_text][\/vc_column_inner][\/vc_row_inner][\/vc_column][vc_column width=&#8221;1\/2&#8243; el_class=&#8221;bg-white pt-1 pl-2 pr-2 box-shadow&#8221; offset=&#8221;vc_col-lg-1\/5 vc_col-md-3&#8243;][vc_row_inner][vc_column_inner el_class=&#8221;p-1 bg-white&#8221;][vc_single_image image=&#8221;18248&#8243; img_size=&#8221;full&#8221; alignment=&#8221;center&#8221; onclick=&#8221;zoom&#8221; el_class=&#8221;mb-0&#8243;][\/vc_column_inner][\/vc_row_inner][vc_row_inner content_placement=&#8221;middle&#8221; el_class=&#8221;brochure&#8221;][vc_column_inner el_class=&#8221;pl-1 pl-md-3 pr-1 pr-md-3 bg-alt pt-2 mb-1&#8243;][vc_column_text]<\/p>\n<p style=\"text-align: center;\"><a href=\"\/en\/more\/dsec-brochures\/attachment\/prescalder-new-logo\/\" target=\"_blank\" rel=\"noopener noreferrer\"><strong>DSEC<br \/>\n<\/strong>Prescalder EN<\/a><\/p>\n<p style=\"text-align: center;\"><a href=\"\/en\/more\/dsec-brochures\/attachment\/tejc-brochure-new-logo\/\" target=\"_blank\" rel=\"attachment noopener wp-att-11132 noreferrer\">Tapis Echangeur Jus &#8211; Cossettes FR<\/a><\/p>\n<p>[\/vc_column_text][\/vc_column_inner][\/vc_row_inner][\/vc_column][vc_column width=&#8221;1\/2&#8243; el_class=&#8221;bg-white pt-1 pl-2 pr-2 box-shadow&#8221; offset=&#8221;vc_col-lg-1\/5 vc_col-md-3&#8243;][vc_row_inner][vc_column_inner el_class=&#8221;p-1 bg-white&#8221;][vc_single_image image=&#8221;18207&#8243; img_size=&#8221;full&#8221; alignment=&#8221;center&#8221; onclick=&#8221;zoom&#8221; el_class=&#8221;mb-0&#8243;][\/vc_column_inner][\/vc_row_inner][vc_row_inner content_placement=&#8221;middle&#8221; el_class=&#8221;brochure&#8221;][vc_column_inner el_class=&#8221;pl-1 pl-md-3 pr-1 pr-md-3 bg-alt pt-2 mb-1&#8243;][vc_column_text]<\/p>\n<p style=\"text-align: center;\"><a href=\"\/en\/more\/dsec-brochures\/attachment\/dsec-sugar-audits-ipm-2020\/\" target=\"_blank\" rel=\"noopener noreferrer\"><strong>DSEC<br \/>\n<\/strong>Sugar Audits &#8211; Integrated Predictive Model EN<\/a><\/p>\n<p>[\/vc_column_text][\/vc_column_inner][\/vc_row_inner][\/vc_column][vc_column width=&#8221;1\/2&#8243; el_class=&#8221;bg-white pt-1 pl-2 pr-2 box-shadow&#8221; offset=&#8221;vc_col-lg-1\/5 vc_col-md-3&#8243;][\/vc_column][\/vc_row]<\/p>\n<\/div>","protected":false},"excerpt":{"rendered":"<p>[vc_row el_class=&#8221;ht-11 above&#8221;][vc_column el_class=&#8221;bg-white above pt-4 pl-3 pr-3&#8243;][vc_custom_heading text=&#8221;Brochures&#8221; font_container=&#8221;tag:h4|text_align:center|color:%23027983&#8243; use_theme_fonts=&#8221;yes&#8221;][vc_empty_space height=&#8221;35px&#8221;][\/vc_column][\/vc_row][vc_row full_width=&#8221;stretch_row_content&#8221; gap=&#8221;35&#8243; el_class=&#8221;mb-0 pt-3 folder pb-5&#8243; css=&#8221;.vc_custom_1597131366687{background-image: url(https:\/\/www.dsengineers.com\/files\/uploads\/2020\/07\/desmet-logo-bg.svg?id=22) !important;background-position: center !important;background-repeat: no-repeat !important;background-size: contain !important;}&#8221;][vc_column width=&#8221;1\/2&#8243; el_class=&#8221;bg-white pt-1 pl-2 pr-2 box-shadow&#8221; offset=&#8221;vc_col-lg-1\/5 vc_col-md-3&#8243;][vc_row_inner][vc_column_inner el_class=&#8221;p-1 bg-white&#8221;][vc_single_image image=&#8221;17702&#8243; img_size=&#8221;full&#8221; alignment=&#8221;center&#8221; onclick=&#8221;zoom&#8221; el_class=&#8221;mb-0&#8243;][\/vc_column_inner][\/vc_row_inner][vc_row_inner content_placement=&#8221;middle&#8221; el_class=&#8221;brochure&#8221;][vc_column_inner el_class=&#8221;pl-1 pl-md-3 pr-1 pr-md-3 bg-alt pt-2 mb-1&#8243;][vc_column_text] DSEC General Presentation EN<\/p>\n","protected":false},"author":4,"featured_media":1296,"parent":1343,"menu_order":120,"comment_status":"closed","ping_status":"closed","template":"header-big-nobg.php","meta":{"inline_featured_image":false,"footnotes":""},"class_list":["post-1265","page","type-page","status-publish","has-post-thumbnail","hentry"],"yoast_head":"<!-- This site is optimized with the Yoast SEO plugin v26.6 - https:\/\/yoast.com\/wordpress\/plugins\/seo\/ -->\n<title>DSEC Brochures | De Smet Engineers &amp; Contractors (DSEC)<\/title>\n<meta name=\"description\" content=\"Discover what DSEC has to offer for every agro-processing industry it serves from conception to full turnkey construction in a compact way.\" \/>\n<meta name=\"robots\" content=\"index, follow, max-snippet:-1, max-image-preview:large, max-video-preview:-1\" \/>\n<link rel=\"canonical\" href=\"https:\/\/www.dsengineers.com\/en\/more\/dsec-brochures\/\" \/>\n<meta property=\"og:locale\" content=\"en_US\" \/>\n<meta property=\"og:type\" content=\"article\" \/>\n<meta property=\"og:title\" content=\"DSEC Brochures | De Smet Engineers &amp; Contractors (DSEC)\" \/>\n<meta property=\"og:description\" content=\"Discover what DSEC has to offer for every agro-processing industry it serves from conception to full turnkey construction in a compact way.\" \/>\n<meta property=\"og:url\" content=\"https:\/\/www.dsengineers.com\/en\/more\/dsec-brochures\/\" \/>\n<meta property=\"og:site_name\" content=\"De Smet Engineers &amp; Contractors\" \/>\n<meta property=\"article:publisher\" content=\"https:\/\/www.facebook.com\/DeSmetEngineers\" \/>\n<meta property=\"article:modified_time\" content=\"2024-10-17T12:45:52+00:00\" \/>\n<meta property=\"og:image\" content=\"https:\/\/www.dsengineers.com\/files\/uploads\/2020\/08\/Biomass-FICAP-DJI_0010-Crpd.jpg\" \/>\n\t<meta property=\"og:image:width\" content=\"1920\" \/>\n\t<meta property=\"og:image:height\" content=\"831\" \/>\n\t<meta property=\"og:image:type\" content=\"image\/jpeg\" \/>\n<meta name=\"twitter:card\" content=\"summary_large_image\" \/>\n<meta name=\"twitter:label1\" content=\"Est. reading time\" \/>\n\t<meta name=\"twitter:data1\" content=\"2 minutes\" \/>\n<script type=\"application\/ld+json\" class=\"yoast-schema-graph\">{\"@context\":\"https:\/\/schema.org\",\"@graph\":[{\"@type\":\"WebPage\",\"@id\":\"https:\/\/www.dsengineers.com\/en\/more\/dsec-brochures\/\",\"url\":\"https:\/\/www.dsengineers.com\/en\/more\/dsec-brochures\/\",\"name\":\"DSEC Brochures | De Smet Engineers &amp; Contractors (DSEC)\",\"isPartOf\":{\"@id\":\"https:\/\/www.dsengineers.com\/en\/#website\"},\"primaryImageOfPage\":{\"@id\":\"https:\/\/www.dsengineers.com\/en\/more\/dsec-brochures\/#primaryimage\"},\"image\":{\"@id\":\"https:\/\/www.dsengineers.com\/en\/more\/dsec-brochures\/#primaryimage\"},\"thumbnailUrl\":\"https:\/\/www.dsengineers.com\/files\/uploads\/2020\/08\/Biomass-FICAP-DJI_0010-Crpd.jpg\",\"datePublished\":\"2020-08-10T18:34:16+00:00\",\"dateModified\":\"2024-10-17T12:45:52+00:00\",\"description\":\"Discover what DSEC has to offer for every agro-processing industry it serves from conception to full turnkey construction in a compact way.\",\"breadcrumb\":{\"@id\":\"https:\/\/www.dsengineers.com\/en\/more\/dsec-brochures\/#breadcrumb\"},\"inLanguage\":\"en-US\",\"potentialAction\":[{\"@type\":\"ReadAction\",\"target\":[\"https:\/\/www.dsengineers.com\/en\/more\/dsec-brochures\/\"]}]},{\"@type\":\"ImageObject\",\"inLanguage\":\"en-US\",\"@id\":\"https:\/\/www.dsengineers.com\/en\/more\/dsec-brochures\/#primaryimage\",\"url\":\"https:\/\/www.dsengineers.com\/files\/uploads\/2020\/08\/Biomass-FICAP-DJI_0010-Crpd.jpg\",\"contentUrl\":\"https:\/\/www.dsengineers.com\/files\/uploads\/2020\/08\/Biomass-FICAP-DJI_0010-Crpd.jpg\",\"width\":1920,\"height\":831,\"caption\":\"DCIM100MEDIADJI_0010.JPG\"},{\"@type\":\"BreadcrumbList\",\"@id\":\"https:\/\/www.dsengineers.com\/en\/more\/dsec-brochures\/#breadcrumb\",\"itemListElement\":[{\"@type\":\"ListItem\",\"position\":1,\"name\":\"Home\",\"item\":\"https:\/\/www.dsengineers.com\/en\/\"},{\"@type\":\"ListItem\",\"position\":2,\"name\":\"More\",\"item\":\"https:\/\/www.dsengineers.com\/en\/more\/\"},{\"@type\":\"ListItem\",\"position\":3,\"name\":\"DSEC Brochures\"}]},{\"@type\":\"WebSite\",\"@id\":\"https:\/\/www.dsengineers.com\/en\/#website\",\"url\":\"https:\/\/www.dsengineers.com\/en\/\",\"name\":\"De Smet Engineers &amp; Contractors\",\"description\":\"\",\"publisher\":{\"@id\":\"https:\/\/www.dsengineers.com\/en\/#organization\"},\"potentialAction\":[{\"@type\":\"SearchAction\",\"target\":{\"@type\":\"EntryPoint\",\"urlTemplate\":\"https:\/\/www.dsengineers.com\/en\/?s={search_term_string}\"},\"query-input\":{\"@type\":\"PropertyValueSpecification\",\"valueRequired\":true,\"valueName\":\"search_term_string\"}}],\"inLanguage\":\"en-US\"},{\"@type\":\"Organization\",\"@id\":\"https:\/\/www.dsengineers.com\/en\/#organization\",\"name\":\"De Smet Engineers & Contractors\",\"url\":\"https:\/\/www.dsengineers.com\/en\/\",\"logo\":{\"@type\":\"ImageObject\",\"inLanguage\":\"en-US\",\"@id\":\"https:\/\/www.dsengineers.com\/en\/#\/schema\/logo\/image\/\",\"url\":\"https:\/\/www.dsengineers.com\/files\/uploads\/2020\/08\/desmet-engineers-logo-web.jpg\",\"contentUrl\":\"https:\/\/www.dsengineers.com\/files\/uploads\/2020\/08\/desmet-engineers-logo-web.jpg\",\"width\":1615,\"height\":609,\"caption\":\"De Smet Engineers & Contractors\"},\"image\":{\"@id\":\"https:\/\/www.dsengineers.com\/en\/#\/schema\/logo\/image\/\"},\"sameAs\":[\"https:\/\/www.facebook.com\/DeSmetEngineers\",\"https:\/\/www.youtube.com\/user\/DeSmetEngineers\"]}]}<\/script>\n<!-- \/ Yoast SEO plugin. -->","yoast_head_json":{"title":"DSEC Brochures | De Smet Engineers &amp; Contractors (DSEC)","description":"Discover what DSEC has to offer for every agro-processing industry it serves from conception to full turnkey construction in a compact way.","robots":{"index":"index","follow":"follow","max-snippet":"max-snippet:-1","max-image-preview":"max-image-preview:large","max-video-preview":"max-video-preview:-1"},"canonical":"https:\/\/www.dsengineers.com\/en\/more\/dsec-brochures\/","og_locale":"en_US","og_type":"article","og_title":"DSEC Brochures | De Smet Engineers &amp; Contractors (DSEC)","og_description":"Discover what DSEC has to offer for every agro-processing industry it serves from conception to full turnkey construction in a compact way.","og_url":"https:\/\/www.dsengineers.com\/en\/more\/dsec-brochures\/","og_site_name":"De Smet Engineers &amp; Contractors","article_publisher":"https:\/\/www.facebook.com\/DeSmetEngineers","article_modified_time":"2024-10-17T12:45:52+00:00","og_image":[{"width":1920,"height":831,"url":"https:\/\/www.dsengineers.com\/files\/uploads\/2020\/08\/Biomass-FICAP-DJI_0010-Crpd.jpg","type":"image\/jpeg"}],"twitter_card":"summary_large_image","twitter_misc":{"Est. reading time":"2 minutes"},"schema":{"@context":"https:\/\/schema.org","@graph":[{"@type":"WebPage","@id":"https:\/\/www.dsengineers.com\/en\/more\/dsec-brochures\/","url":"https:\/\/www.dsengineers.com\/en\/more\/dsec-brochures\/","name":"DSEC Brochures | De Smet Engineers &amp; Contractors (DSEC)","isPartOf":{"@id":"https:\/\/www.dsengineers.com\/en\/#website"},"primaryImageOfPage":{"@id":"https:\/\/www.dsengineers.com\/en\/more\/dsec-brochures\/#primaryimage"},"image":{"@id":"https:\/\/www.dsengineers.com\/en\/more\/dsec-brochures\/#primaryimage"},"thumbnailUrl":"https:\/\/www.dsengineers.com\/files\/uploads\/2020\/08\/Biomass-FICAP-DJI_0010-Crpd.jpg","datePublished":"2020-08-10T18:34:16+00:00","dateModified":"2024-10-17T12:45:52+00:00","description":"Discover what DSEC has to offer for every agro-processing industry it serves from conception to full turnkey construction in a compact way.","breadcrumb":{"@id":"https:\/\/www.dsengineers.com\/en\/more\/dsec-brochures\/#breadcrumb"},"inLanguage":"en-US","potentialAction":[{"@type":"ReadAction","target":["https:\/\/www.dsengineers.com\/en\/more\/dsec-brochures\/"]}]},{"@type":"ImageObject","inLanguage":"en-US","@id":"https:\/\/www.dsengineers.com\/en\/more\/dsec-brochures\/#primaryimage","url":"https:\/\/www.dsengineers.com\/files\/uploads\/2020\/08\/Biomass-FICAP-DJI_0010-Crpd.jpg","contentUrl":"https:\/\/www.dsengineers.com\/files\/uploads\/2020\/08\/Biomass-FICAP-DJI_0010-Crpd.jpg","width":1920,"height":831,"caption":"DCIM100MEDIADJI_0010.JPG"},{"@type":"BreadcrumbList","@id":"https:\/\/www.dsengineers.com\/en\/more\/dsec-brochures\/#breadcrumb","itemListElement":[{"@type":"ListItem","position":1,"name":"Home","item":"https:\/\/www.dsengineers.com\/en\/"},{"@type":"ListItem","position":2,"name":"More","item":"https:\/\/www.dsengineers.com\/en\/more\/"},{"@type":"ListItem","position":3,"name":"DSEC Brochures"}]},{"@type":"WebSite","@id":"https:\/\/www.dsengineers.com\/en\/#website","url":"https:\/\/www.dsengineers.com\/en\/","name":"De Smet Engineers &amp; Contractors","description":"","publisher":{"@id":"https:\/\/www.dsengineers.com\/en\/#organization"},"potentialAction":[{"@type":"SearchAction","target":{"@type":"EntryPoint","urlTemplate":"https:\/\/www.dsengineers.com\/en\/?s={search_term_string}"},"query-input":{"@type":"PropertyValueSpecification","valueRequired":true,"valueName":"search_term_string"}}],"inLanguage":"en-US"},{"@type":"Organization","@id":"https:\/\/www.dsengineers.com\/en\/#organization","name":"De Smet Engineers & Contractors","url":"https:\/\/www.dsengineers.com\/en\/","logo":{"@type":"ImageObject","inLanguage":"en-US","@id":"https:\/\/www.dsengineers.com\/en\/#\/schema\/logo\/image\/","url":"https:\/\/www.dsengineers.com\/files\/uploads\/2020\/08\/desmet-engineers-logo-web.jpg","contentUrl":"https:\/\/www.dsengineers.com\/files\/uploads\/2020\/08\/desmet-engineers-logo-web.jpg","width":1615,"height":609,"caption":"De Smet Engineers & Contractors"},"image":{"@id":"https:\/\/www.dsengineers.com\/en\/#\/schema\/logo\/image\/"},"sameAs":["https:\/\/www.facebook.com\/DeSmetEngineers","https:\/\/www.youtube.com\/user\/DeSmetEngineers"]}]}},"_links":{"self":[{"href":"https:\/\/www.dsengineers.com\/en\/wp-json\/wp\/v2\/pages\/1265","targetHints":{"allow":["GET"]}}],"collection":[{"href":"https:\/\/www.dsengineers.com\/en\/wp-json\/wp\/v2\/pages"}],"about":[{"href":"https:\/\/www.dsengineers.com\/en\/wp-json\/wp\/v2\/types\/page"}],"author":[{"embeddable":true,"href":"https:\/\/www.dsengineers.com\/en\/wp-json\/wp\/v2\/users\/4"}],"replies":[{"embeddable":true,"href":"https:\/\/www.dsengineers.com\/en\/wp-json\/wp\/v2\/comments?post=1265"}],"version-history":[{"count":152,"href":"https:\/\/www.dsengineers.com\/en\/wp-json\/wp\/v2\/pages\/1265\/revisions"}],"predecessor-version":[{"id":21352,"href":"https:\/\/www.dsengineers.com\/en\/wp-json\/wp\/v2\/pages\/1265\/revisions\/21352"}],"up":[{"embeddable":true,"href":"https:\/\/www.dsengineers.com\/en\/wp-json\/wp\/v2\/pages\/1343"}],"wp:featuredmedia":[{"embeddable":true,"href":"https:\/\/www.dsengineers.com\/en\/wp-json\/wp\/v2\/media\/1296"}],"wp:attachment":[{"href":"https:\/\/www.dsengineers.com\/en\/wp-json\/wp\/v2\/media?parent=1265"}],"curies":[{"name":"wp","href":"https:\/\/api.w.org\/{rel}","templated":true}]}}