{"id":3554,"date":"2020-08-17T13:31:37","date_gmt":"2020-08-17T13:31:37","guid":{"rendered":"https:\/\/www.dsengineers.com\/perfil\/history\/"},"modified":"2025-07-31T09:27:47","modified_gmt":"2025-07-31T09:27:47","slug":"historia","status":"publish","type":"page","link":"https:\/\/www.dsengineers.com\/es\/integrador-industrial\/historia\/","title":{"rendered":"Historia"},"content":{"rendered":"<div class=\"wpb-content-wrapper\"><p>[vc_row el_class=\u00bbbox-shadow mb-5&#8243;][vc_column el_class=\u00bbbg-white above ht-11 pt-2 pl-3 pr-3&#8243;][vc_row_inner][vc_column_inner][vc_empty_space height=\u00bb22px\u00bb][vc_custom_heading text=\u00bbHistoria de De Smet Engineers &amp; Contractors\u00bb font_container=\u00bbtag:h4|text_align:left|color:%23027983&#8243; use_theme_fonts=\u00bbyes\u00bb][vc_empty_space][vc_column_text]En respuesta a la demanda creciente de sus clientes de proporcionar una mayor participaci\u00f3n en la ejecuci\u00f3n de proyectos, el Grupo Extraction De Smet, proveedor de equipos para la industria de los <strong><a href=\"\/es\/soluciones-para-industrias\/aceites-vegetales-y-derivados\/\">Aceites Vegetales<\/a><\/strong>, crea DSEC en 1990.<\/p>\n<p>DSEC nace con el objetivo de ofrecer al mercado una organizaci\u00f3n dedicada a la realizaci\u00f3n de proyectos llave en mano incluyendo equipos de expertos en m\u00faltiples disciplinas clave para la realizaci\u00f3n de este tipo de proyectos.<\/p>\n<p>A DSEC se le une un equipo de expertos en az\u00facar de la reconocida firma Abay Engineering Company. Se abre de esta manera la v\u00eda para trabajar en proyectos que involucran <strong><a href=\"\/es\/industries\/industrias-azucareras\/\">Az\u00facar y Ethanol<\/a>.<\/strong><\/p>\n<p>DSEC realiza proyectos desde la ingenier\u00eda b\u00e1sica hasta la construcci\u00f3n completa de la planta.<\/p>\n<p>Desde entonces, DSEC ha ejecutado satisfactoriamente m\u00e1s de 500 proyectos, que incluyen desde la pura <a href=\"\/es\/servicios-y-ejecucion\/gerencia-de-proyecto-llave-en-mano-epcm\/\"><strong>gerencia operacional<\/strong><\/a> hasta contratos <a href=\"\/es\/servicios-y-ejecucion\/construccion-llave-en-mano-epc-completa-o-parcial\/\"><strong>Llave en Mano<\/strong><\/a>. Adicionalmente, ha realizado numerosas <a href=\"\/es\/servicios-y-ejecucion\/auditorias-y-estudios-de-ingenieria-fel1-2-3-feed\/\"><strong>Auditorias T\u00e9cnicas<\/strong><\/a>, estudios de evaluaci\u00f3n de inversiones y pre ingenier\u00eda, desde el concepto hasta trabajos de <a href=\"\/es\/servicios-y-ejecucion\/auditorias-y-estudios-de-ingenieria-fel1-2-3-feed\/\"><strong>Dise\u00f1o de Ingenier\u00eda Frontal<\/strong><\/a> (<strong>FEED<\/strong> \u2013 \u201c<strong>F<\/strong>ront <strong>E<\/strong>nd <strong>E<\/strong>ngineering <strong>D<\/strong>esign\u201d).<\/p>\n<p>DSEC desarrolla tambi\u00e9n su actividad en el sector de <a href=\"\/es\/industries\/industrias-bio\/\"><strong>Industrias Base Bio<\/strong><\/a> as\u00ed como en los nuevos sectores de las industrias de <a href=\"\/es\/soluciones-para-industrias\/proteinas-alternativas-e-ingredientes\/\"><strong>Prote\u00ednas Alternativas e ingredientes<\/strong><\/a> e Industrias de <a href=\"\/es\/industries\/industrias-de-agro-nutrientes\/\"><strong>Agro Nutrientes<\/strong><\/a>, ofreciendo el mismo rango de servicios que dieron a la compa\u00f1\u00eda su gran reputaci\u00f3n.<\/p>\n<p>Controlada durante catorce a\u00f1os por el grupo Moret Industries con el apoyo de Wallonie Entreprendre, DSEC es ahora propiedad mayoritaria del grupo PARLYM desde julio de 2025.<\/p>\n<p>DSEC recibi\u00f3 su Certificaci\u00f3n <strong>ISO-9001 desde el a\u00f1o 2012<\/strong>.[\/vc_column_text][\/vc_column_inner][\/vc_row_inner][vc_row_inner css=\u00bb.vc_custom_1597671586536{background-image: url(https:\/\/www.dsengineers.com\/files\/uploads\/2020\/08\/Primofina-at-sunset-RGB.jpg?id=1522) !important;background-position: center !important;background-repeat: no-repeat !important;background-size: cover !important;}\u00bb][vc_column_inner][vc_empty_space height=\u00bb600px\u00bb el_id=\u00bbWhyDSEC\u00bb][\/vc_column_inner][\/vc_row_inner][vc_row_inner][vc_column_inner][vc_empty_space height=\u00bb22px\u00bb][vc_custom_heading text=\u00bb\u00bfPor qu\u00e9 De Smet Engineers &amp; Contractors?\u00bb font_container=\u00bbtag:h4|text_align:left|color:%23027983&#8243; use_theme_fonts=\u00bbyes\u00bb][vc_empty_space][vc_column_text]<\/p>\n<ul>\n<li>S\u00f3lida experiencia acumulada a lo largo de los a\u00f1os, con presencia en m\u00e1s de 42 pa\u00edses y 50 proyectos de gran escala realizados con \u00e9xito.<\/li>\n<li>Reiterada experiencia con las m\u00e1s destacadas empresas del sector industrial.<\/li>\n<li>Visi\u00f3n global del sector agroindustrial.<\/li>\n<li>Contrata \u00fanicamente bajo pleno dominio y conocimiento de las tecnolog\u00edas involucradas en su proyecto.<\/li>\n<li>Equipo altamente calificado y comprometido, incluyendo numerosos expertos provenientes del sector industrial (aportando experiencia en operaci\u00f3n de plantas).<\/li>\n<li>Foco en <a href=\"\/es\/soluciones-para-industrias\/eficiencia-energetica-y-sostenibilidad\/\"><strong>eficiencia productiva y ahorro energ\u00e9tico<\/strong><\/a>.<\/li>\n<li>Capacidad de comprensi\u00f3n y adaptaci\u00f3n a aspectos culturales y ling\u00fc\u00edsticos de cada regi\u00f3n.<\/li>\n<li>Filosof\u00eda de \u201cninguna queja\u201d, nunca se le han ejecutado garant\u00edas bancarias.<\/li>\n<\/ul>\n<p>[\/vc_column_text][\/vc_column_inner][\/vc_row_inner][\/vc_column][\/vc_row]<\/p>\n<\/div>","protected":false},"excerpt":{"rendered":"<p>[vc_row el_class=\u00bbbox-shadow mb-5&#8243;][vc_column el_class=\u00bbbg-white above ht-11 pt-2 pl-3 pr-3&#8243;][vc_row_inner][vc_column_inner][vc_empty_space height=\u00bb22px\u00bb][vc_custom_heading text=\u00bbHistoria de De Smet Engineers &amp; Contractors\u00bb font_container=\u00bbtag:h4|text_align:left|color:%23027983&#8243; use_theme_fonts=\u00bbyes\u00bb][vc_empty_space][vc_column_text]En respuesta a la demanda creciente de sus clientes de proporcionar una mayor participaci\u00f3n en la ejecuci\u00f3n de proyectos, el Grupo Extraction De Smet, proveedor de equipos para la industria de los Aceites Vegetales, crea DSEC en<\/p>\n","protected":false},"author":4,"featured_media":3555,"parent":3290,"menu_order":7,"comment_status":"closed","ping_status":"closed","template":"header-big-nobg.php","meta":{"inline_featured_image":false,"footnotes":""},"class_list":["post-3554","page","type-page","status-publish","has-post-thumbnail","hentry"],"yoast_head":"<!-- This site is optimized with the Yoast SEO plugin v26.6 - https:\/\/yoast.com\/wordpress\/plugins\/seo\/ -->\n<title>Historia | De Smet Engineers &amp; Contractors (DSEC)<\/title>\n<meta name=\"robots\" content=\"index, follow, max-snippet:-1, max-image-preview:large, max-video-preview:-1\" \/>\n<link rel=\"canonical\" href=\"https:\/\/www.dsengineers.com\/es\/integrador-industrial\/historia\/\" \/>\n<meta property=\"og:locale\" content=\"es_ES\" \/>\n<meta property=\"og:type\" content=\"article\" \/>\n<meta property=\"og:title\" content=\"Historia | De Smet Engineers &amp; Contractors (DSEC)\" \/>\n<meta property=\"og:description\" content=\"[vc_row el_class=\u00bbbox-shadow mb-5&#8243;][vc_column el_class=\u00bbbg-white above ht-11 pt-2 pl-3 pr-3&#8243;][vc_row_inner][vc_column_inner][vc_empty_space height=\u00bb22px\u00bb][vc_custom_heading text=\u00bbHistoria de De Smet Engineers &amp; Contractors\u00bb font_container=\u00bbtag:h4|text_align:left|color:%23027983&#8243; use_theme_fonts=\u00bbyes\u00bb][vc_empty_space][vc_column_text]En respuesta a la demanda creciente de sus clientes de proporcionar una mayor participaci\u00f3n en la ejecuci\u00f3n de proyectos, el Grupo Extraction De Smet, proveedor de equipos para la industria de los Aceites Vegetales, crea DSEC en\" \/>\n<meta property=\"og:url\" content=\"https:\/\/www.dsengineers.com\/es\/integrador-industrial\/historia\/\" \/>\n<meta property=\"og:site_name\" content=\"De Smet Engineers &amp; Contractors\" \/>\n<meta property=\"article:publisher\" content=\"https:\/\/www.facebook.com\/DeSmetEngineers\" \/>\n<meta property=\"article:modified_time\" content=\"2025-07-31T09:27:47+00:00\" \/>\n<meta property=\"og:image\" content=\"https:\/\/www.dsengineers.com\/files\/uploads\/2020\/08\/Edible-Oils-OSCC-07032009790.jpg\" \/>\n\t<meta property=\"og:image:width\" content=\"1920\" \/>\n\t<meta property=\"og:image:height\" content=\"984\" \/>\n\t<meta property=\"og:image:type\" content=\"image\/jpeg\" \/>\n<meta name=\"twitter:card\" content=\"summary_large_image\" \/>\n<meta name=\"twitter:label1\" content=\"Tiempo de lectura\" \/>\n\t<meta name=\"twitter:data1\" content=\"2 minutos\" \/>\n<script type=\"application\/ld+json\" class=\"yoast-schema-graph\">{\"@context\":\"https:\/\/schema.org\",\"@graph\":[{\"@type\":\"WebPage\",\"@id\":\"https:\/\/www.dsengineers.com\/es\/integrador-industrial\/historia\/\",\"url\":\"https:\/\/www.dsengineers.com\/es\/integrador-industrial\/historia\/\",\"name\":\"Historia | De Smet Engineers &amp; Contractors (DSEC)\",\"isPartOf\":{\"@id\":\"https:\/\/www.dsengineers.com\/en\/#website\"},\"primaryImageOfPage\":{\"@id\":\"https:\/\/www.dsengineers.com\/es\/integrador-industrial\/historia\/#primaryimage\"},\"image\":{\"@id\":\"https:\/\/www.dsengineers.com\/es\/integrador-industrial\/historia\/#primaryimage\"},\"thumbnailUrl\":\"https:\/\/www.dsengineers.com\/files\/uploads\/2020\/08\/Edible-Oils-OSCC-07032009790.jpg\",\"datePublished\":\"2020-08-17T13:31:37+00:00\",\"dateModified\":\"2025-07-31T09:27:47+00:00\",\"breadcrumb\":{\"@id\":\"https:\/\/www.dsengineers.com\/es\/integrador-industrial\/historia\/#breadcrumb\"},\"inLanguage\":\"es\",\"potentialAction\":[{\"@type\":\"ReadAction\",\"target\":[\"https:\/\/www.dsengineers.com\/es\/integrador-industrial\/historia\/\"]}]},{\"@type\":\"ImageObject\",\"inLanguage\":\"es\",\"@id\":\"https:\/\/www.dsengineers.com\/es\/integrador-industrial\/historia\/#primaryimage\",\"url\":\"https:\/\/www.dsengineers.com\/files\/uploads\/2020\/08\/Edible-Oils-OSCC-07032009790.jpg\",\"contentUrl\":\"https:\/\/www.dsengineers.com\/files\/uploads\/2020\/08\/Edible-Oils-OSCC-07032009790.jpg\",\"width\":1920,\"height\":984},{\"@type\":\"BreadcrumbList\",\"@id\":\"https:\/\/www.dsengineers.com\/es\/integrador-industrial\/historia\/#breadcrumb\",\"itemListElement\":[{\"@type\":\"ListItem\",\"position\":1,\"name\":\"Inicio\",\"item\":\"https:\/\/www.dsengineers.com\/es\/\"},{\"@type\":\"ListItem\",\"position\":2,\"name\":\"Perfil de la empresa DSEC\",\"item\":\"https:\/\/www.dsengineers.com\/es\/integrador-industrial\/\"},{\"@type\":\"ListItem\",\"position\":3,\"name\":\"Historia\"}]},{\"@type\":\"WebSite\",\"@id\":\"https:\/\/www.dsengineers.com\/en\/#website\",\"url\":\"https:\/\/www.dsengineers.com\/en\/\",\"name\":\"De Smet Engineers &amp; Contractors\",\"description\":\"\",\"publisher\":{\"@id\":\"https:\/\/www.dsengineers.com\/en\/#organization\"},\"potentialAction\":[{\"@type\":\"SearchAction\",\"target\":{\"@type\":\"EntryPoint\",\"urlTemplate\":\"https:\/\/www.dsengineers.com\/en\/?s={search_term_string}\"},\"query-input\":{\"@type\":\"PropertyValueSpecification\",\"valueRequired\":true,\"valueName\":\"search_term_string\"}}],\"inLanguage\":\"es\"},{\"@type\":\"Organization\",\"@id\":\"https:\/\/www.dsengineers.com\/en\/#organization\",\"name\":\"De Smet Engineers & Contractors\",\"url\":\"https:\/\/www.dsengineers.com\/en\/\",\"logo\":{\"@type\":\"ImageObject\",\"inLanguage\":\"es\",\"@id\":\"https:\/\/www.dsengineers.com\/en\/#\/schema\/logo\/image\/\",\"url\":\"https:\/\/www.dsengineers.com\/files\/uploads\/2020\/08\/desmet-engineers-logo-web.jpg\",\"contentUrl\":\"https:\/\/www.dsengineers.com\/files\/uploads\/2020\/08\/desmet-engineers-logo-web.jpg\",\"width\":1615,\"height\":609,\"caption\":\"De Smet Engineers & Contractors\"},\"image\":{\"@id\":\"https:\/\/www.dsengineers.com\/en\/#\/schema\/logo\/image\/\"},\"sameAs\":[\"https:\/\/www.facebook.com\/DeSmetEngineers\",\"https:\/\/www.youtube.com\/user\/DeSmetEngineers\"]}]}<\/script>\n<!-- \/ Yoast SEO plugin. -->","yoast_head_json":{"title":"Historia | De Smet Engineers &amp; Contractors (DSEC)","robots":{"index":"index","follow":"follow","max-snippet":"max-snippet:-1","max-image-preview":"max-image-preview:large","max-video-preview":"max-video-preview:-1"},"canonical":"https:\/\/www.dsengineers.com\/es\/integrador-industrial\/historia\/","og_locale":"es_ES","og_type":"article","og_title":"Historia | De Smet Engineers &amp; Contractors (DSEC)","og_description":"[vc_row el_class=\u00bbbox-shadow mb-5&#8243;][vc_column el_class=\u00bbbg-white above ht-11 pt-2 pl-3 pr-3&#8243;][vc_row_inner][vc_column_inner][vc_empty_space height=\u00bb22px\u00bb][vc_custom_heading text=\u00bbHistoria de De Smet Engineers &amp; Contractors\u00bb font_container=\u00bbtag:h4|text_align:left|color:%23027983&#8243; use_theme_fonts=\u00bbyes\u00bb][vc_empty_space][vc_column_text]En respuesta a la demanda creciente de sus clientes de proporcionar una mayor participaci\u00f3n en la ejecuci\u00f3n de proyectos, el Grupo Extraction De Smet, proveedor de equipos para la industria de los Aceites Vegetales, crea DSEC en","og_url":"https:\/\/www.dsengineers.com\/es\/integrador-industrial\/historia\/","og_site_name":"De Smet Engineers &amp; Contractors","article_publisher":"https:\/\/www.facebook.com\/DeSmetEngineers","article_modified_time":"2025-07-31T09:27:47+00:00","og_image":[{"width":1920,"height":984,"url":"https:\/\/www.dsengineers.com\/files\/uploads\/2020\/08\/Edible-Oils-OSCC-07032009790.jpg","type":"image\/jpeg"}],"twitter_card":"summary_large_image","twitter_misc":{"Tiempo de lectura":"2 minutos"},"schema":{"@context":"https:\/\/schema.org","@graph":[{"@type":"WebPage","@id":"https:\/\/www.dsengineers.com\/es\/integrador-industrial\/historia\/","url":"https:\/\/www.dsengineers.com\/es\/integrador-industrial\/historia\/","name":"Historia | De Smet Engineers &amp; Contractors (DSEC)","isPartOf":{"@id":"https:\/\/www.dsengineers.com\/en\/#website"},"primaryImageOfPage":{"@id":"https:\/\/www.dsengineers.com\/es\/integrador-industrial\/historia\/#primaryimage"},"image":{"@id":"https:\/\/www.dsengineers.com\/es\/integrador-industrial\/historia\/#primaryimage"},"thumbnailUrl":"https:\/\/www.dsengineers.com\/files\/uploads\/2020\/08\/Edible-Oils-OSCC-07032009790.jpg","datePublished":"2020-08-17T13:31:37+00:00","dateModified":"2025-07-31T09:27:47+00:00","breadcrumb":{"@id":"https:\/\/www.dsengineers.com\/es\/integrador-industrial\/historia\/#breadcrumb"},"inLanguage":"es","potentialAction":[{"@type":"ReadAction","target":["https:\/\/www.dsengineers.com\/es\/integrador-industrial\/historia\/"]}]},{"@type":"ImageObject","inLanguage":"es","@id":"https:\/\/www.dsengineers.com\/es\/integrador-industrial\/historia\/#primaryimage","url":"https:\/\/www.dsengineers.com\/files\/uploads\/2020\/08\/Edible-Oils-OSCC-07032009790.jpg","contentUrl":"https:\/\/www.dsengineers.com\/files\/uploads\/2020\/08\/Edible-Oils-OSCC-07032009790.jpg","width":1920,"height":984},{"@type":"BreadcrumbList","@id":"https:\/\/www.dsengineers.com\/es\/integrador-industrial\/historia\/#breadcrumb","itemListElement":[{"@type":"ListItem","position":1,"name":"Inicio","item":"https:\/\/www.dsengineers.com\/es\/"},{"@type":"ListItem","position":2,"name":"Perfil de la empresa DSEC","item":"https:\/\/www.dsengineers.com\/es\/integrador-industrial\/"},{"@type":"ListItem","position":3,"name":"Historia"}]},{"@type":"WebSite","@id":"https:\/\/www.dsengineers.com\/en\/#website","url":"https:\/\/www.dsengineers.com\/en\/","name":"De Smet Engineers &amp; Contractors","description":"","publisher":{"@id":"https:\/\/www.dsengineers.com\/en\/#organization"},"potentialAction":[{"@type":"SearchAction","target":{"@type":"EntryPoint","urlTemplate":"https:\/\/www.dsengineers.com\/en\/?s={search_term_string}"},"query-input":{"@type":"PropertyValueSpecification","valueRequired":true,"valueName":"search_term_string"}}],"inLanguage":"es"},{"@type":"Organization","@id":"https:\/\/www.dsengineers.com\/en\/#organization","name":"De Smet Engineers & Contractors","url":"https:\/\/www.dsengineers.com\/en\/","logo":{"@type":"ImageObject","inLanguage":"es","@id":"https:\/\/www.dsengineers.com\/en\/#\/schema\/logo\/image\/","url":"https:\/\/www.dsengineers.com\/files\/uploads\/2020\/08\/desmet-engineers-logo-web.jpg","contentUrl":"https:\/\/www.dsengineers.com\/files\/uploads\/2020\/08\/desmet-engineers-logo-web.jpg","width":1615,"height":609,"caption":"De Smet Engineers & Contractors"},"image":{"@id":"https:\/\/www.dsengineers.com\/en\/#\/schema\/logo\/image\/"},"sameAs":["https:\/\/www.facebook.com\/DeSmetEngineers","https:\/\/www.youtube.com\/user\/DeSmetEngineers"]}]}},"_links":{"self":[{"href":"https:\/\/www.dsengineers.com\/es\/wp-json\/wp\/v2\/pages\/3554","targetHints":{"allow":["GET"]}}],"collection":[{"href":"https:\/\/www.dsengineers.com\/es\/wp-json\/wp\/v2\/pages"}],"about":[{"href":"https:\/\/www.dsengineers.com\/es\/wp-json\/wp\/v2\/types\/page"}],"author":[{"embeddable":true,"href":"https:\/\/www.dsengineers.com\/es\/wp-json\/wp\/v2\/users\/4"}],"replies":[{"embeddable":true,"href":"https:\/\/www.dsengineers.com\/es\/wp-json\/wp\/v2\/comments?post=3554"}],"version-history":[{"count":11,"href":"https:\/\/www.dsengineers.com\/es\/wp-json\/wp\/v2\/pages\/3554\/revisions"}],"predecessor-version":[{"id":21935,"href":"https:\/\/www.dsengineers.com\/es\/wp-json\/wp\/v2\/pages\/3554\/revisions\/21935"}],"up":[{"embeddable":true,"href":"https:\/\/www.dsengineers.com\/es\/wp-json\/wp\/v2\/pages\/3290"}],"wp:featuredmedia":[{"embeddable":true,"href":"https:\/\/www.dsengineers.com\/es\/wp-json\/wp\/v2\/media\/3555"}],"wp:attachment":[{"href":"https:\/\/www.dsengineers.com\/es\/wp-json\/wp\/v2\/media?parent=3554"}],"curies":[{"name":"wp","href":"https:\/\/api.w.org\/{rel}","templated":true}]}}