{"id":3574,"date":"2020-08-20T14:50:35","date_gmt":"2020-08-20T14:50:35","guid":{"rendered":"https:\/\/www.dsengineers.com\/perfil\/partners\/"},"modified":"2025-07-31T10:13:59","modified_gmt":"2025-07-31T10:13:59","slug":"socios","status":"publish","type":"page","link":"https:\/\/www.dsengineers.com\/es\/integrador-industrial\/socios\/","title":{"rendered":"Socios"},"content":{"rendered":"<div class=\"wpb-content-wrapper\"><p>[vc_row el_class=\u00bbbg-white above ht-11 pt-2 pl-3 pr-3&#8243; css=\u00bb.vc_custom_1597934809201{background-position: center !important;background-repeat: no-repeat !important;background-size: contain !important;}\u00bb][vc_column]<div id=\"mpc_accordion-3569dd0315bbe55\" class=\"mpc-accordion mpc-init mpc-transition mpc-accordion--toggle \" ><ul class=\"mpc-accordion__content\"><li class=\"mpc-accordion__item \"><div class=\"mpc-accordion-item__heading mpc-transition\"><div data-id=\"mpc_icon-8969dd0315bbe29\" class=\"mpc-icon mpc-init mpc-transition mpc-effect-fade mpc-icon-hover \"><div class=\"mpc-icon-wrap\"><i class=\"mpc-icon-part mpc-regular mpc-transition  eti eti_arrow_carrot-right_alt2\"><\/i><i class=\"mpc-icon-part mpc-hover mpc-transition  eti eti_arrow_carrot-down_alt2\"><\/i><\/div><\/div><h3>PARLYM<\/h3><\/div><div class=\"mpc-accordion-item__content mpc-container\" ><div class=\"mpc-accordion-item__wrapper\">[vc_row_inner content_placement=\u00bbmiddle\u00bb][vc_column_inner el_class=\u00bbbg-border p-2&#8243;][vc_column_text]<a href=\"https:\/\/www.parlym.com\/\"><strong>Parlym<\/strong><\/a> dise\u00f1a y entrega infraestructuras energ\u00e9ticas llave en mano, principalmente para grandes actores industriales de los sectores de Petr\u00f3leo y Gas y Nuclear en Europa y \u00c1frica. Desde EPC hasta Asistencia T\u00e9cnica, incluyendo el suministro y la fabricaci\u00f3n de equipos, la oferta de Parlym permite intervenir en cada etapa clave de los proyectos de sus clientes. Con cerca de 1.500 empleados, Parlym gener\u00f3 252 millones de euros en ingresos en 2024.<\/p>\n<p>Fundada en 1973, Parlym experiment\u00f3 su primera fase de desarrollo y crecimiento entre 2014 y 2022. En 2022 se desarroll\u00f3 un nuevo plan de transformaci\u00f3n a ocho a\u00f1os para orientar al Grupo hacia actividades no relacionadas con el carbono. La adquisici\u00f3n de una participaci\u00f3n mayoritaria en de Smet Engineers &amp; Contractors (DSEC) representa un paso importante en esa direcci\u00f3n.[\/vc_column_text][vc_single_image image=\u00bb21904&#8243; img_size=\u00bb250&#215;210&#8243; alignment=\u00bbcenter\u00bb onclick=\u00bbcustom_link\u00bb link=\u00bbhttps:\/\/www.parlym.com\/\u00bb][\/vc_column_inner][\/vc_row_inner]<\/div><\/div><\/li><li class=\"mpc-accordion__item \"><div class=\"mpc-accordion-item__heading mpc-transition\"><div data-id=\"mpc_icon-8969dd0315bbe29\" class=\"mpc-icon mpc-init mpc-transition mpc-effect-fade mpc-icon-hover \"><div class=\"mpc-icon-wrap\"><i class=\"mpc-icon-part mpc-regular mpc-transition  eti eti_arrow_carrot-right_alt2\"><\/i><i class=\"mpc-icon-part mpc-hover mpc-transition  eti eti_arrow_carrot-down_alt2\"><\/i><\/div><\/div><h3>Moret Industries Group<\/h3><\/div><div class=\"mpc-accordion-item__content mpc-container\" ><div class=\"mpc-accordion-item__wrapper\">[vc_row_inner content_placement=\u00bbmiddle\u00bb][vc_column_inner el_class=\u00bbbg-border p-2&#8243;][vc_column_text]<a href=\"http:\/\/www.moretindustries.com\/\" target=\"_blank\" rel=\"noopener noreferrer\"><strong>Moret Industries Group<\/strong><\/a> opera en Ingenier\u00eda, Procesos y Energ\u00eda a trav\u00e9s de un n\u00famero de empresas altamente especializadas. Provee a la industria proyectos exitosos soport\u00e1ndolos y asisti\u00e9ndolos a trav\u00e9s de dise\u00f1o y manufactura de equipos hasta construcci\u00f3n Llave en Mano, incluyendo el suministro de servicios post-ventas.<br \/>\nPor 150 a\u00f1os, cinco generaciones de dirigentes familiares han trabajado con el objetivo de desarrollar el Grupo de Industrias Moret. Esta historia se hizo posible no solo como resultado directo de su visi\u00f3n a largo plazo combinada con un conocimiento profundo de sus actividades y mercados, pero tambi\u00e9n, gracias al deseo de promover y mostrar valores que habilitan a cada mujer y hombre dentro de la compa\u00f1\u00eda a sentirse responsable y mostrar iniciativa. Con el fin de de responder las necesidades de sus clientes a cada paso de sus proyectos industriales, el Grupo contin\u00faa desarrollando su conocimiento en cada una de sus actividades y fortaleciendo sinergias industriales y comerciales.[\/vc_column_text][vc_single_image image=\u00bb3575&#8243; img_size=\u00bbfull\u00bb alignment=\u00bbcenter\u00bb onclick=\u00bbcustom_link\u00bb link=\u00bbhttp:\/\/www.moretindustries.com\/\u00bb][\/vc_column_inner][\/vc_row_inner]<\/div><\/div><\/li><li class=\"mpc-accordion__item \"><div class=\"mpc-accordion-item__heading mpc-transition\"><div data-id=\"mpc_icon-8969dd0315bbe29\" class=\"mpc-icon mpc-init mpc-transition mpc-effect-fade mpc-icon-hover \"><div class=\"mpc-icon-wrap\"><i class=\"mpc-icon-part mpc-regular mpc-transition  eti eti_arrow_carrot-right_alt2\"><\/i><i class=\"mpc-icon-part mpc-hover mpc-transition  eti eti_arrow_carrot-down_alt2\"><\/i><\/div><\/div><h3>EMINEO Ltd.<\/h3><\/div><div class=\"mpc-accordion-item__content mpc-container\" ><div class=\"mpc-accordion-item__wrapper\">[vc_row_inner content_placement=\u00bbmiddle\u00bb][vc_column_inner el_class=\u00bbbg-border p-2&#8243;][vc_column_text]<a title=\"Emineo\" href=\"http:\/\/www.emineo.mu\/\" target=\"_blank\" rel=\"noopener noreferrer\"><strong>EMINEO Ltd.<\/strong><\/a> Es un Integrador Industrial y Contratista General Mauriciano activo en ingenier\u00eda, administraci\u00f3n de construcciones y asistencia t\u00e9cnica a sus clientes de los sectores del az\u00facar y la agro industria. La participaci\u00f3n de DSEC en EMINEO contribuye a su estrategia de desarrollo en el continente Africano y el Medio Oriente.[\/vc_column_text][vc_single_image image=\u00bb3578&#8243; img_size=\u00bbfull\u00bb alignment=\u00bbcenter\u00bb onclick=\u00bbcustom_link\u00bb link=\u00bbhttp:\/\/www.emineo.mu\/\u00bb][\/vc_column_inner][\/vc_row_inner]<\/div><\/div><\/li><li class=\"mpc-accordion__item \"><div class=\"mpc-accordion-item__heading mpc-transition\"><div data-id=\"mpc_icon-8969dd0315bbe29\" class=\"mpc-icon mpc-init mpc-transition mpc-effect-fade mpc-icon-hover \"><div class=\"mpc-icon-wrap\"><i class=\"mpc-icon-part mpc-regular mpc-transition  eti eti_arrow_carrot-right_alt2\"><\/i><i class=\"mpc-icon-part mpc-hover mpc-transition  eti eti_arrow_carrot-down_alt2\"><\/i><\/div><\/div><h3>Agence wallonne \u00e0 l'Exportation et aux Investissements Etrangers (AWEX)<\/h3><\/div><div class=\"mpc-accordion-item__content mpc-container\" ><div class=\"mpc-accordion-item__wrapper\">[vc_row_inner content_placement=\u00bbmiddle\u00bb][vc_column_inner el_class=\u00bbbg-border p-2&#8243;][vc_column_text]La <a href=\"http:\/\/www.awex.be\/\" target=\"_blank\" rel=\"noopener noreferrer\"><strong>Agence wallonne \u00e0 l&#8217;Exportation et aux Investissements Etrangers (AWEX)\u00a0<\/strong><\/a>es el departamento de la regi\u00f3n Walona (B\u00e9lgica) a cargo de promover el comercio exterior e inversiones extranjeras en Walonia. \u00a0Es una organizaci\u00f3n p\u00fablica dedicada a la asistencia a compa\u00f1\u00edas walonas en los mercados internacionales.[\/vc_column_text][vc_single_image image=\u00bb3579&#8243; img_size=\u00bbfull\u00bb alignment=\u00bbcenter\u00bb onclick=\u00bbcustom_link\u00bb link=\u00bbhttp:\/\/www.awex.be\/\u00bb][\/vc_column_inner][\/vc_row_inner]<\/div><\/div><\/li><li class=\"mpc-accordion__item \"><div class=\"mpc-accordion-item__heading mpc-transition\"><div data-id=\"mpc_icon-8969dd0315bbe29\" class=\"mpc-icon mpc-init mpc-transition mpc-effect-fade mpc-icon-hover \"><div class=\"mpc-icon-wrap\"><i class=\"mpc-icon-part mpc-regular mpc-transition  eti eti_arrow_carrot-right_alt2\"><\/i><i class=\"mpc-icon-part mpc-hover mpc-transition  eti eti_arrow_carrot-down_alt2\"><\/i><\/div><\/div><h3>Ducroire (Credendo Group)<\/h3><\/div><div class=\"mpc-accordion-item__content mpc-container\" ><div class=\"mpc-accordion-item__wrapper\">[vc_row_inner content_placement=\u00bbmiddle\u00bb][vc_column_inner el_class=\u00bbbg-border p-2&#8243;][vc_column_text]La <a href=\"https:\/\/www.credendo.com\/\" target=\"_blank\" rel=\"noopener noreferrer\"><strong>Ducroire (Credendo Group)<\/strong><\/a> es la aseguradora de cr\u00e9dito belga (ECA). \u00a0Asegura compa\u00f1\u00edas y bancos contra riesgos pol\u00edticos o comerciales relacionados a transacciones comerciales internacionales, sobre todo en relaci\u00f3n con bienes de capital y proyectos industriales, as\u00ed como trabajos contratados y servicios. \u00a0Tambi\u00e9n puede trabajar junto a bancos a trav\u00e9s de esquemas de distribuci\u00f3n de riesgos.[\/vc_column_text][vc_single_image image=\u00bb3580&#8243; img_size=\u00bbfull\u00bb alignment=\u00bbcenter\u00bb onclick=\u00bbcustom_link\u00bb link=\u00bbhttps:\/\/www.credendo.com\/\u00bb][\/vc_column_inner][\/vc_row_inner]<\/div><\/div><\/li><li class=\"mpc-accordion__item \"><div class=\"mpc-accordion-item__heading mpc-transition\"><div data-id=\"mpc_icon-8969dd0315bbe29\" class=\"mpc-icon mpc-init mpc-transition mpc-effect-fade mpc-icon-hover \"><div class=\"mpc-icon-wrap\"><i class=\"mpc-icon-part mpc-regular mpc-transition  eti eti_arrow_carrot-right_alt2\"><\/i><i class=\"mpc-icon-part mpc-hover mpc-transition  eti eti_arrow_carrot-down_alt2\"><\/i><\/div><\/div><h3>Interis<\/h3><\/div><div class=\"mpc-accordion-item__content mpc-container\" ><div class=\"mpc-accordion-item__wrapper\">[vc_row_inner content_placement=\u00bbmiddle\u00bb][vc_column_inner el_class=\u00bbbg-border p-2&#8243;][vc_column_text]<\/p>\n<div class=\"gdlr-core-pbf-element\">\n<div class=\"gdlr-core-text-box-item gdlr-core-item-pdlr gdlr-core-item-pdb gdlr-core-left-align\">\n<div class=\"gdlr-core-text-box-item-content\">\n<p><a href=\"https:\/\/www.interistech.com\/es\/\">INTERIS<\/a> es su socio polivalente para procesar bio-productos a etanol. Como\u00a0<strong>expertos en biotecnolog\u00eda<\/strong>, ofrecemos un gran portafolio de soluciones confiables de procesos, para los cuales brindamos un rango completo de servicios, desde repuestos hasta la gerencia llave en mano de proyectos, asegurando la mejor calidad de productos acabados y la optimizaci\u00f3n energ\u00e9tica de la planta. Aproveche de nuestras\u00a0auditor\u00edas y estudios\u00a0que le permitir\u00e1n trabajar en la optimizaci\u00f3n energ\u00e9tica de su producci\u00f3n.<\/p>\n<\/div>\n<\/div>\n<\/div>\n<div class=\"gdlr-core-pbf-element\">\n<div class=\"gdlr-core-text-box-item gdlr-core-item-pdlr gdlr-core-item-pdb gdlr-core-left-align gdlr-core-no-p-space\">\n<div class=\"gdlr-core-text-box-item-content\">\n<p>Desde hace 30 a\u00f1os, INTERIS desarrolla\u00a0soluciones\u00a0para transformar los\u00a0<strong>bio productos<\/strong>, dise\u00f1a, construye y asiste en la operaci\u00f3n de plantas de etanol mundialmente, produciendo Alcohol Bruto, Alcohol Extra Neutro, y Bioetanol. Concibe un proyecto como un todo, INTERIS participa en la concepci\u00f3n de unidades de producci\u00f3n o transformaci\u00f3n de bio productos. M\u00e1s de 180 unidades alrededor del mundo pueden atestiguar el profesionalismo y la eficacia de nuestros equipos.<\/p>\n<\/div>\n<\/div>\n<\/div>\n<p>[\/vc_column_text][vc_single_image image=\u00bb3581&#8243; img_size=\u00bbfull\u00bb alignment=\u00bbcenter\u00bb onclick=\u00bbcustom_link\u00bb link=\u00bbhttps:\/\/www.interistech.com\/es\/\u00bb][\/vc_column_inner][\/vc_row_inner]<\/div><\/div><\/li><\/ul><\/div>[\/vc_column][\/vc_row]<\/p>\n<\/div>","protected":false},"excerpt":{"rendered":"<p>[vc_row el_class=\u00bbbg-white above ht-11 pt-2 pl-3 pr-3&#8243; css=\u00bb.vc_custom_1597934809201{background-position: center !important;background-repeat: no-repeat !important;background-size: contain !important;}\u00bb][vc_column][\/vc_column][\/vc_row]<\/p>\n","protected":false},"author":4,"featured_media":3576,"parent":3290,"menu_order":9,"comment_status":"closed","ping_status":"closed","template":"header-big-nobg.php","meta":{"inline_featured_image":false,"footnotes":""},"class_list":["post-3574","page","type-page","status-publish","has-post-thumbnail","hentry"],"yoast_head":"<!-- This site is optimized with the Yoast SEO plugin v26.6 - https:\/\/yoast.com\/wordpress\/plugins\/seo\/ -->\n<title>Socios | De Smet Engineers &amp; Contractors<\/title>\n<meta name=\"robots\" content=\"index, follow, max-snippet:-1, max-image-preview:large, max-video-preview:-1\" \/>\n<link rel=\"canonical\" href=\"https:\/\/www.dsengineers.com\/es\/integrador-industrial\/socios\/\" \/>\n<meta property=\"og:locale\" content=\"es_ES\" \/>\n<meta property=\"og:type\" content=\"article\" \/>\n<meta property=\"og:title\" content=\"Socios | De Smet Engineers &amp; Contractors\" \/>\n<meta property=\"og:description\" content=\"[vc_row el_class=\u00bbbg-white above ht-11 pt-2 pl-3 pr-3&#8243; css=\u00bb.vc_custom_1597934809201{background-position: center !important;background-repeat: no-repeat !important;background-size: contain !important;}\u00bb][vc_column][\/vc_column][\/vc_row]\" \/>\n<meta property=\"og:url\" content=\"https:\/\/www.dsengineers.com\/es\/integrador-industrial\/socios\/\" \/>\n<meta property=\"og:site_name\" content=\"De Smet Engineers &amp; Contractors\" \/>\n<meta property=\"article:publisher\" content=\"https:\/\/www.facebook.com\/DeSmetEngineers\" \/>\n<meta property=\"article:modified_time\" content=\"2025-07-31T10:13:59+00:00\" \/>\n<meta property=\"og:image\" content=\"https:\/\/www.dsengineers.com\/files\/uploads\/2020\/08\/Headquarters-in-Belgium-De-Smet-Engineers-Contractors-SA-2.jpg\" \/>\n\t<meta property=\"og:image:width\" content=\"1920\" \/>\n\t<meta property=\"og:image:height\" content=\"1080\" \/>\n\t<meta property=\"og:image:type\" content=\"image\/jpeg\" \/>\n<meta name=\"twitter:card\" content=\"summary_large_image\" \/>\n<meta name=\"twitter:label1\" content=\"Tiempo de lectura\" \/>\n\t<meta name=\"twitter:data1\" content=\"4 minutos\" \/>\n<script type=\"application\/ld+json\" class=\"yoast-schema-graph\">{\"@context\":\"https:\/\/schema.org\",\"@graph\":[{\"@type\":\"WebPage\",\"@id\":\"https:\/\/www.dsengineers.com\/es\/integrador-industrial\/socios\/\",\"url\":\"https:\/\/www.dsengineers.com\/es\/integrador-industrial\/socios\/\",\"name\":\"Socios | De Smet Engineers &amp; Contractors\",\"isPartOf\":{\"@id\":\"https:\/\/www.dsengineers.com\/en\/#website\"},\"primaryImageOfPage\":{\"@id\":\"https:\/\/www.dsengineers.com\/es\/integrador-industrial\/socios\/#primaryimage\"},\"image\":{\"@id\":\"https:\/\/www.dsengineers.com\/es\/integrador-industrial\/socios\/#primaryimage\"},\"thumbnailUrl\":\"https:\/\/www.dsengineers.com\/files\/uploads\/2020\/08\/Headquarters-in-Belgium-De-Smet-Engineers-Contractors-SA-2.jpg\",\"datePublished\":\"2020-08-20T14:50:35+00:00\",\"dateModified\":\"2025-07-31T10:13:59+00:00\",\"breadcrumb\":{\"@id\":\"https:\/\/www.dsengineers.com\/es\/integrador-industrial\/socios\/#breadcrumb\"},\"inLanguage\":\"es\",\"potentialAction\":[{\"@type\":\"ReadAction\",\"target\":[\"https:\/\/www.dsengineers.com\/es\/integrador-industrial\/socios\/\"]}]},{\"@type\":\"ImageObject\",\"inLanguage\":\"es\",\"@id\":\"https:\/\/www.dsengineers.com\/es\/integrador-industrial\/socios\/#primaryimage\",\"url\":\"https:\/\/www.dsengineers.com\/files\/uploads\/2020\/08\/Headquarters-in-Belgium-De-Smet-Engineers-Contractors-SA-2.jpg\",\"contentUrl\":\"https:\/\/www.dsengineers.com\/files\/uploads\/2020\/08\/Headquarters-in-Belgium-De-Smet-Engineers-Contractors-SA-2.jpg\",\"width\":1920,\"height\":1080},{\"@type\":\"BreadcrumbList\",\"@id\":\"https:\/\/www.dsengineers.com\/es\/integrador-industrial\/socios\/#breadcrumb\",\"itemListElement\":[{\"@type\":\"ListItem\",\"position\":1,\"name\":\"Inicio\",\"item\":\"https:\/\/www.dsengineers.com\/es\/\"},{\"@type\":\"ListItem\",\"position\":2,\"name\":\"Perfil de la empresa DSEC\",\"item\":\"https:\/\/www.dsengineers.com\/es\/integrador-industrial\/\"},{\"@type\":\"ListItem\",\"position\":3,\"name\":\"Socios\"}]},{\"@type\":\"WebSite\",\"@id\":\"https:\/\/www.dsengineers.com\/en\/#website\",\"url\":\"https:\/\/www.dsengineers.com\/en\/\",\"name\":\"De Smet Engineers &amp; Contractors\",\"description\":\"\",\"publisher\":{\"@id\":\"https:\/\/www.dsengineers.com\/en\/#organization\"},\"potentialAction\":[{\"@type\":\"SearchAction\",\"target\":{\"@type\":\"EntryPoint\",\"urlTemplate\":\"https:\/\/www.dsengineers.com\/en\/?s={search_term_string}\"},\"query-input\":{\"@type\":\"PropertyValueSpecification\",\"valueRequired\":true,\"valueName\":\"search_term_string\"}}],\"inLanguage\":\"es\"},{\"@type\":\"Organization\",\"@id\":\"https:\/\/www.dsengineers.com\/en\/#organization\",\"name\":\"De Smet Engineers & Contractors\",\"url\":\"https:\/\/www.dsengineers.com\/en\/\",\"logo\":{\"@type\":\"ImageObject\",\"inLanguage\":\"es\",\"@id\":\"https:\/\/www.dsengineers.com\/en\/#\/schema\/logo\/image\/\",\"url\":\"https:\/\/www.dsengineers.com\/files\/uploads\/2020\/08\/desmet-engineers-logo-web.jpg\",\"contentUrl\":\"https:\/\/www.dsengineers.com\/files\/uploads\/2020\/08\/desmet-engineers-logo-web.jpg\",\"width\":1615,\"height\":609,\"caption\":\"De Smet Engineers & Contractors\"},\"image\":{\"@id\":\"https:\/\/www.dsengineers.com\/en\/#\/schema\/logo\/image\/\"},\"sameAs\":[\"https:\/\/www.facebook.com\/DeSmetEngineers\",\"https:\/\/www.youtube.com\/user\/DeSmetEngineers\"]}]}<\/script>\n<!-- \/ Yoast SEO plugin. -->","yoast_head_json":{"title":"Socios | De Smet Engineers &amp; Contractors","robots":{"index":"index","follow":"follow","max-snippet":"max-snippet:-1","max-image-preview":"max-image-preview:large","max-video-preview":"max-video-preview:-1"},"canonical":"https:\/\/www.dsengineers.com\/es\/integrador-industrial\/socios\/","og_locale":"es_ES","og_type":"article","og_title":"Socios | De Smet Engineers &amp; Contractors","og_description":"[vc_row el_class=\u00bbbg-white above ht-11 pt-2 pl-3 pr-3&#8243; css=\u00bb.vc_custom_1597934809201{background-position: center !important;background-repeat: no-repeat !important;background-size: contain !important;}\u00bb][vc_column][\/vc_column][\/vc_row]","og_url":"https:\/\/www.dsengineers.com\/es\/integrador-industrial\/socios\/","og_site_name":"De Smet Engineers &amp; Contractors","article_publisher":"https:\/\/www.facebook.com\/DeSmetEngineers","article_modified_time":"2025-07-31T10:13:59+00:00","og_image":[{"width":1920,"height":1080,"url":"https:\/\/www.dsengineers.com\/files\/uploads\/2020\/08\/Headquarters-in-Belgium-De-Smet-Engineers-Contractors-SA-2.jpg","type":"image\/jpeg"}],"twitter_card":"summary_large_image","twitter_misc":{"Tiempo de lectura":"4 minutos"},"schema":{"@context":"https:\/\/schema.org","@graph":[{"@type":"WebPage","@id":"https:\/\/www.dsengineers.com\/es\/integrador-industrial\/socios\/","url":"https:\/\/www.dsengineers.com\/es\/integrador-industrial\/socios\/","name":"Socios | De Smet Engineers &amp; Contractors","isPartOf":{"@id":"https:\/\/www.dsengineers.com\/en\/#website"},"primaryImageOfPage":{"@id":"https:\/\/www.dsengineers.com\/es\/integrador-industrial\/socios\/#primaryimage"},"image":{"@id":"https:\/\/www.dsengineers.com\/es\/integrador-industrial\/socios\/#primaryimage"},"thumbnailUrl":"https:\/\/www.dsengineers.com\/files\/uploads\/2020\/08\/Headquarters-in-Belgium-De-Smet-Engineers-Contractors-SA-2.jpg","datePublished":"2020-08-20T14:50:35+00:00","dateModified":"2025-07-31T10:13:59+00:00","breadcrumb":{"@id":"https:\/\/www.dsengineers.com\/es\/integrador-industrial\/socios\/#breadcrumb"},"inLanguage":"es","potentialAction":[{"@type":"ReadAction","target":["https:\/\/www.dsengineers.com\/es\/integrador-industrial\/socios\/"]}]},{"@type":"ImageObject","inLanguage":"es","@id":"https:\/\/www.dsengineers.com\/es\/integrador-industrial\/socios\/#primaryimage","url":"https:\/\/www.dsengineers.com\/files\/uploads\/2020\/08\/Headquarters-in-Belgium-De-Smet-Engineers-Contractors-SA-2.jpg","contentUrl":"https:\/\/www.dsengineers.com\/files\/uploads\/2020\/08\/Headquarters-in-Belgium-De-Smet-Engineers-Contractors-SA-2.jpg","width":1920,"height":1080},{"@type":"BreadcrumbList","@id":"https:\/\/www.dsengineers.com\/es\/integrador-industrial\/socios\/#breadcrumb","itemListElement":[{"@type":"ListItem","position":1,"name":"Inicio","item":"https:\/\/www.dsengineers.com\/es\/"},{"@type":"ListItem","position":2,"name":"Perfil de la empresa DSEC","item":"https:\/\/www.dsengineers.com\/es\/integrador-industrial\/"},{"@type":"ListItem","position":3,"name":"Socios"}]},{"@type":"WebSite","@id":"https:\/\/www.dsengineers.com\/en\/#website","url":"https:\/\/www.dsengineers.com\/en\/","name":"De Smet Engineers &amp; Contractors","description":"","publisher":{"@id":"https:\/\/www.dsengineers.com\/en\/#organization"},"potentialAction":[{"@type":"SearchAction","target":{"@type":"EntryPoint","urlTemplate":"https:\/\/www.dsengineers.com\/en\/?s={search_term_string}"},"query-input":{"@type":"PropertyValueSpecification","valueRequired":true,"valueName":"search_term_string"}}],"inLanguage":"es"},{"@type":"Organization","@id":"https:\/\/www.dsengineers.com\/en\/#organization","name":"De Smet Engineers & Contractors","url":"https:\/\/www.dsengineers.com\/en\/","logo":{"@type":"ImageObject","inLanguage":"es","@id":"https:\/\/www.dsengineers.com\/en\/#\/schema\/logo\/image\/","url":"https:\/\/www.dsengineers.com\/files\/uploads\/2020\/08\/desmet-engineers-logo-web.jpg","contentUrl":"https:\/\/www.dsengineers.com\/files\/uploads\/2020\/08\/desmet-engineers-logo-web.jpg","width":1615,"height":609,"caption":"De Smet Engineers & Contractors"},"image":{"@id":"https:\/\/www.dsengineers.com\/en\/#\/schema\/logo\/image\/"},"sameAs":["https:\/\/www.facebook.com\/DeSmetEngineers","https:\/\/www.youtube.com\/user\/DeSmetEngineers"]}]}},"_links":{"self":[{"href":"https:\/\/www.dsengineers.com\/es\/wp-json\/wp\/v2\/pages\/3574","targetHints":{"allow":["GET"]}}],"collection":[{"href":"https:\/\/www.dsengineers.com\/es\/wp-json\/wp\/v2\/pages"}],"about":[{"href":"https:\/\/www.dsengineers.com\/es\/wp-json\/wp\/v2\/types\/page"}],"author":[{"embeddable":true,"href":"https:\/\/www.dsengineers.com\/es\/wp-json\/wp\/v2\/users\/4"}],"replies":[{"embeddable":true,"href":"https:\/\/www.dsengineers.com\/es\/wp-json\/wp\/v2\/comments?post=3574"}],"version-history":[{"count":12,"href":"https:\/\/www.dsengineers.com\/es\/wp-json\/wp\/v2\/pages\/3574\/revisions"}],"predecessor-version":[{"id":21937,"href":"https:\/\/www.dsengineers.com\/es\/wp-json\/wp\/v2\/pages\/3574\/revisions\/21937"}],"up":[{"embeddable":true,"href":"https:\/\/www.dsengineers.com\/es\/wp-json\/wp\/v2\/pages\/3290"}],"wp:featuredmedia":[{"embeddable":true,"href":"https:\/\/www.dsengineers.com\/es\/wp-json\/wp\/v2\/media\/3576"}],"wp:attachment":[{"href":"https:\/\/www.dsengineers.com\/es\/wp-json\/wp\/v2\/media?parent=3574"}],"curies":[{"name":"wp","href":"https:\/\/api.w.org\/{rel}","templated":true}]}}