{"id":4310,"date":"2020-07-22T11:48:26","date_gmt":"2020-07-22T11:48:26","guid":{"rendered":"https:\/\/www.dsengineers.com\/referencias-dsengineers\/engineering\/"},"modified":"2024-03-13T09:33:19","modified_gmt":"2024-03-13T09:33:19","slug":"referencias-en-ingenieria","status":"publish","type":"page","link":"https:\/\/www.dsengineers.com\/es\/referencias-dsengineers\/referencias-en-ingenieria\/","title":{"rendered":"Ingenier\u00eda y auditoria (estudios)"},"content":{"rendered":"<div class=\"wpb-content-wrapper\"><p>[vc_row full_width=\u00bbstretch_row_content\u00bb css=\u00bb.vc_custom_1597747839879{background-color: #ffffff !important;background-position: center !important;background-repeat: no-repeat !important;background-size: contain !important;}\u00bb][vc_column][vc_wp_custommenu nav_menu=\u00bb12&#8243; el_class=\u00bbref-menu pb-2 ml-md-4 mr-md-4&#8243;][\/vc_column][\/vc_row][vc_row][vc_column][vc_column_text]M\u00e1s que nunca, una nueva inversi\u00f3n necesita ser evaluada cuidadosamente a nivel t\u00e9cnico y financiero para que su viabilidad pueda evaluarse de manera confiable. Aunque esto se aplica a cualquier proyecto, es particularmente cierto para unidades o procesos pioneros en su tipo donde las referencias y est\u00e1ndares no est\u00e1n disponibles actualmente en el mercado.<\/p>\n<p>Tanto las grandes organizaciones como las m\u00e1s peque\u00f1as o las startups han integrado hoy este escrutinio en un proceso riguroso durante el cual el futuro proyecto tendr\u00e1 que pasar por sucesivos umbrales de decisi\u00f3n antes de su posible implementaci\u00f3n.[\/vc_column_text][vc_single_image image=\u00bb19505&#8243; img_size=\u00bbfull\u00bb alignment=\u00bbcenter\u00bb][vc_column_text]DSEC puede ofrecer a sus clientes una gama completa de <a href=\"\/es\/servicios-y-ejecucion\/auditorias-y-estudios-de-ingenieria-fel1-2-3-feed\/\"><strong>servicios previos al proyecto<\/strong><\/a> que van desde<\/p>\n<ul>\n<li><strong>Auditor\u00edas<\/strong> de una unidad existente para ser mejorada\/renovada.<\/li>\n<li><strong>FEL1<\/strong> \/ Estudio de viabilidad, que generalmente conduce a una estimaci\u00f3n CAPEX de +\/- 30-35%<\/li>\n<li><strong>FEL2<\/strong> \/ Dise\u00f1o B\u00e1sico, que generalmente conduce a una estimaci\u00f3n CAPEX de +\/- 15-20%<\/li>\n<li><strong>FEL3<\/strong> \/ FEED, que generalmente conduce a una estimaci\u00f3n CAPEX de +\/- 10%<\/li>\n<\/ul>\n<p>DSEC est\u00e1 realizando las tareas mencionadas anteriormente de forma regular con miras a iniciar la fase de implementaci\u00f3n de los proyectos sobre una base s\u00f3lida con objetivos realistas de desempe\u00f1o, presupuesto y calendario.<\/p>\n<p>&nbsp;<\/p>\n<p>[\/vc_column_text][\/vc_column][\/vc_row][vc_row][vc_column][vc_column_text]<\/p>\n<p style=\"text-align: center;\">Explore nuestros proyectos en todo el mundo:<\/p>\n<p>[\/vc_column_text][\/vc_column][\/vc_row][vc_row el_class=\u00bbht-11&#8243;][vc_column][vc_raw_html]JTNDaWZyYW1lJTIwc3JjJTNEJTIyaHR0cHMlM0ElMkYlMkZiYXRjaGdlby5jb20lMkZtYXAlMkZEU0VDLVByb2plY3RzJTIyJTIwc3R5bGUlM0QlMjJib3JkZXIlM0EwcHglMjAlMjMlMjBub25lJTNCJTIyJTIwbmFtZSUzRCUyMkRlc21ldC1iYXRjaGdlbyUyMiUyMHNjcm9sbGluZyUzRCUyMm5vJTIyJTIwZnJhbWVib3JkZXIlM0QlMjIwJTIyJTIwbWFyZ2luaGVpZ2h0JTNEJTIyMHB4JTIyJTIwbWFyZ2lud2lkdGglM0QlMjIwcHglMjIlMjBoZWlnaHQlM0QlMjI2MDBweCUyMiUyMHdpZHRoJTNEJTIyMTAwJTI1cHglMjIlMjBhbGxvd2Z1bGxzY3JlZW4lM0UlM0MlMkZpZnJhbWUlM0U=[\/vc_raw_html][\/vc_column][\/vc_row]<\/p>\n<\/div>","protected":false},"excerpt":{"rendered":"<p>[vc_row full_width=\u00bbstretch_row_content\u00bb css=\u00bb.vc_custom_1597747839879{background-color: #ffffff !important;background-position: center !important;background-repeat: no-repeat !important;background-size: contain !important;}\u00bb][vc_column][vc_wp_custommenu nav_menu=\u00bb12&#8243; el_class=\u00bbref-menu pb-2 ml-md-4 mr-md-4&#8243;][\/vc_column][\/vc_row][vc_row][vc_column][vc_column_text]M\u00e1s que nunca, una nueva inversi\u00f3n necesita ser evaluada cuidadosamente a nivel t\u00e9cnico y financiero para que su viabilidad pueda evaluarse de manera confiable. Aunque esto se aplica a cualquier proyecto, es particularmente cierto para unidades o procesos pioneros en<\/p>\n","protected":false},"author":4,"featured_media":3654,"parent":3652,"menu_order":126,"comment_status":"closed","ping_status":"closed","template":"header-big-nobg.php","meta":{"inline_featured_image":false,"footnotes":""},"class_list":["post-4310","page","type-page","status-publish","has-post-thumbnail","hentry"],"yoast_head":"<!-- This site is optimized with the Yoast SEO plugin v26.6 - https:\/\/yoast.com\/wordpress\/plugins\/seo\/ -->\n<title>Ingenier\u00eda y auditoria (estudios) | De Smet Engineers &amp; Contractors<\/title>\n<meta name=\"description\" content=\"DSEC puede ofrecer a sus clientes una gama completa de servicios previos al proyecto para evaluar su inversi\u00f3n a nivel t\u00e9cnico y financiero.\" \/>\n<meta name=\"robots\" content=\"index, follow, max-snippet:-1, max-image-preview:large, max-video-preview:-1\" \/>\n<link rel=\"canonical\" href=\"https:\/\/www.dsengineers.com\/es\/referencias-dsengineers\/referencias-en-ingenieria\/\" \/>\n<meta property=\"og:locale\" content=\"es_ES\" \/>\n<meta property=\"og:type\" content=\"article\" \/>\n<meta property=\"og:title\" content=\"Ingenier\u00eda y auditoria (estudios) | De Smet Engineers &amp; Contractors\" \/>\n<meta property=\"og:description\" content=\"DSEC puede ofrecer a sus clientes una gama completa de servicios previos al proyecto para evaluar su inversi\u00f3n a nivel t\u00e9cnico y financiero.\" \/>\n<meta property=\"og:url\" content=\"https:\/\/www.dsengineers.com\/es\/referencias-dsengineers\/referencias-en-ingenieria\/\" \/>\n<meta property=\"og:site_name\" content=\"De Smet Engineers &amp; Contractors\" \/>\n<meta property=\"article:publisher\" content=\"https:\/\/www.facebook.com\/DeSmetEngineers\" \/>\n<meta property=\"article:modified_time\" content=\"2024-03-13T09:33:19+00:00\" \/>\n<meta property=\"og:image\" content=\"https:\/\/www.dsengineers.com\/files\/uploads\/2020\/07\/desmet-references-2.jpg\" \/>\n\t<meta property=\"og:image:width\" content=\"1920\" \/>\n\t<meta property=\"og:image:height\" content=\"710\" \/>\n\t<meta property=\"og:image:type\" content=\"image\/jpeg\" \/>\n<meta name=\"twitter:card\" content=\"summary_large_image\" \/>\n<meta name=\"twitter:label1\" content=\"Tiempo de lectura\" \/>\n\t<meta name=\"twitter:data1\" content=\"1 minuto\" \/>\n<script type=\"application\/ld+json\" class=\"yoast-schema-graph\">{\"@context\":\"https:\/\/schema.org\",\"@graph\":[{\"@type\":\"WebPage\",\"@id\":\"https:\/\/www.dsengineers.com\/es\/referencias-dsengineers\/referencias-en-ingenieria\/\",\"url\":\"https:\/\/www.dsengineers.com\/es\/referencias-dsengineers\/referencias-en-ingenieria\/\",\"name\":\"Ingenier\u00eda y auditoria (estudios) | De Smet Engineers &amp; Contractors\",\"isPartOf\":{\"@id\":\"https:\/\/www.dsengineers.com\/en\/#website\"},\"primaryImageOfPage\":{\"@id\":\"https:\/\/www.dsengineers.com\/es\/referencias-dsengineers\/referencias-en-ingenieria\/#primaryimage\"},\"image\":{\"@id\":\"https:\/\/www.dsengineers.com\/es\/referencias-dsengineers\/referencias-en-ingenieria\/#primaryimage\"},\"thumbnailUrl\":\"https:\/\/www.dsengineers.com\/files\/uploads\/2020\/07\/desmet-references-2.jpg\",\"datePublished\":\"2020-07-22T11:48:26+00:00\",\"dateModified\":\"2024-03-13T09:33:19+00:00\",\"description\":\"DSEC puede ofrecer a sus clientes una gama completa de servicios previos al proyecto para evaluar su inversi\u00f3n a nivel t\u00e9cnico y financiero.\",\"breadcrumb\":{\"@id\":\"https:\/\/www.dsengineers.com\/es\/referencias-dsengineers\/referencias-en-ingenieria\/#breadcrumb\"},\"inLanguage\":\"es\",\"potentialAction\":[{\"@type\":\"ReadAction\",\"target\":[\"https:\/\/www.dsengineers.com\/es\/referencias-dsengineers\/referencias-en-ingenieria\/\"]}]},{\"@type\":\"ImageObject\",\"inLanguage\":\"es\",\"@id\":\"https:\/\/www.dsengineers.com\/es\/referencias-dsengineers\/referencias-en-ingenieria\/#primaryimage\",\"url\":\"https:\/\/www.dsengineers.com\/files\/uploads\/2020\/07\/desmet-references-2.jpg\",\"contentUrl\":\"https:\/\/www.dsengineers.com\/files\/uploads\/2020\/07\/desmet-references-2.jpg\",\"width\":1920,\"height\":710},{\"@type\":\"BreadcrumbList\",\"@id\":\"https:\/\/www.dsengineers.com\/es\/referencias-dsengineers\/referencias-en-ingenieria\/#breadcrumb\",\"itemListElement\":[{\"@type\":\"ListItem\",\"position\":1,\"name\":\"Inicio\",\"item\":\"https:\/\/www.dsengineers.com\/es\/\"},{\"@type\":\"ListItem\",\"position\":2,\"name\":\"Referencias\",\"item\":\"https:\/\/www.dsengineers.com\/es\/referencias-dsengineers\/\"},{\"@type\":\"ListItem\",\"position\":3,\"name\":\"Ingenier\u00eda y auditoria (estudios)\"}]},{\"@type\":\"WebSite\",\"@id\":\"https:\/\/www.dsengineers.com\/en\/#website\",\"url\":\"https:\/\/www.dsengineers.com\/en\/\",\"name\":\"De Smet Engineers &amp; Contractors\",\"description\":\"\",\"publisher\":{\"@id\":\"https:\/\/www.dsengineers.com\/en\/#organization\"},\"potentialAction\":[{\"@type\":\"SearchAction\",\"target\":{\"@type\":\"EntryPoint\",\"urlTemplate\":\"https:\/\/www.dsengineers.com\/en\/?s={search_term_string}\"},\"query-input\":{\"@type\":\"PropertyValueSpecification\",\"valueRequired\":true,\"valueName\":\"search_term_string\"}}],\"inLanguage\":\"es\"},{\"@type\":\"Organization\",\"@id\":\"https:\/\/www.dsengineers.com\/en\/#organization\",\"name\":\"De Smet Engineers & Contractors\",\"url\":\"https:\/\/www.dsengineers.com\/en\/\",\"logo\":{\"@type\":\"ImageObject\",\"inLanguage\":\"es\",\"@id\":\"https:\/\/www.dsengineers.com\/en\/#\/schema\/logo\/image\/\",\"url\":\"https:\/\/www.dsengineers.com\/files\/uploads\/2020\/08\/desmet-engineers-logo-web.jpg\",\"contentUrl\":\"https:\/\/www.dsengineers.com\/files\/uploads\/2020\/08\/desmet-engineers-logo-web.jpg\",\"width\":1615,\"height\":609,\"caption\":\"De Smet Engineers & Contractors\"},\"image\":{\"@id\":\"https:\/\/www.dsengineers.com\/en\/#\/schema\/logo\/image\/\"},\"sameAs\":[\"https:\/\/www.facebook.com\/DeSmetEngineers\",\"https:\/\/www.youtube.com\/user\/DeSmetEngineers\"]}]}<\/script>\n<!-- \/ Yoast SEO plugin. -->","yoast_head_json":{"title":"Ingenier\u00eda y auditoria (estudios) | De Smet Engineers &amp; Contractors","description":"DSEC puede ofrecer a sus clientes una gama completa de servicios previos al proyecto para evaluar su inversi\u00f3n a nivel t\u00e9cnico y financiero.","robots":{"index":"index","follow":"follow","max-snippet":"max-snippet:-1","max-image-preview":"max-image-preview:large","max-video-preview":"max-video-preview:-1"},"canonical":"https:\/\/www.dsengineers.com\/es\/referencias-dsengineers\/referencias-en-ingenieria\/","og_locale":"es_ES","og_type":"article","og_title":"Ingenier\u00eda y auditoria (estudios) | De Smet Engineers &amp; Contractors","og_description":"DSEC puede ofrecer a sus clientes una gama completa de servicios previos al proyecto para evaluar su inversi\u00f3n a nivel t\u00e9cnico y financiero.","og_url":"https:\/\/www.dsengineers.com\/es\/referencias-dsengineers\/referencias-en-ingenieria\/","og_site_name":"De Smet Engineers &amp; Contractors","article_publisher":"https:\/\/www.facebook.com\/DeSmetEngineers","article_modified_time":"2024-03-13T09:33:19+00:00","og_image":[{"width":1920,"height":710,"url":"https:\/\/www.dsengineers.com\/files\/uploads\/2020\/07\/desmet-references-2.jpg","type":"image\/jpeg"}],"twitter_card":"summary_large_image","twitter_misc":{"Tiempo de lectura":"1 minuto"},"schema":{"@context":"https:\/\/schema.org","@graph":[{"@type":"WebPage","@id":"https:\/\/www.dsengineers.com\/es\/referencias-dsengineers\/referencias-en-ingenieria\/","url":"https:\/\/www.dsengineers.com\/es\/referencias-dsengineers\/referencias-en-ingenieria\/","name":"Ingenier\u00eda y auditoria (estudios) | De Smet Engineers &amp; Contractors","isPartOf":{"@id":"https:\/\/www.dsengineers.com\/en\/#website"},"primaryImageOfPage":{"@id":"https:\/\/www.dsengineers.com\/es\/referencias-dsengineers\/referencias-en-ingenieria\/#primaryimage"},"image":{"@id":"https:\/\/www.dsengineers.com\/es\/referencias-dsengineers\/referencias-en-ingenieria\/#primaryimage"},"thumbnailUrl":"https:\/\/www.dsengineers.com\/files\/uploads\/2020\/07\/desmet-references-2.jpg","datePublished":"2020-07-22T11:48:26+00:00","dateModified":"2024-03-13T09:33:19+00:00","description":"DSEC puede ofrecer a sus clientes una gama completa de servicios previos al proyecto para evaluar su inversi\u00f3n a nivel t\u00e9cnico y financiero.","breadcrumb":{"@id":"https:\/\/www.dsengineers.com\/es\/referencias-dsengineers\/referencias-en-ingenieria\/#breadcrumb"},"inLanguage":"es","potentialAction":[{"@type":"ReadAction","target":["https:\/\/www.dsengineers.com\/es\/referencias-dsengineers\/referencias-en-ingenieria\/"]}]},{"@type":"ImageObject","inLanguage":"es","@id":"https:\/\/www.dsengineers.com\/es\/referencias-dsengineers\/referencias-en-ingenieria\/#primaryimage","url":"https:\/\/www.dsengineers.com\/files\/uploads\/2020\/07\/desmet-references-2.jpg","contentUrl":"https:\/\/www.dsengineers.com\/files\/uploads\/2020\/07\/desmet-references-2.jpg","width":1920,"height":710},{"@type":"BreadcrumbList","@id":"https:\/\/www.dsengineers.com\/es\/referencias-dsengineers\/referencias-en-ingenieria\/#breadcrumb","itemListElement":[{"@type":"ListItem","position":1,"name":"Inicio","item":"https:\/\/www.dsengineers.com\/es\/"},{"@type":"ListItem","position":2,"name":"Referencias","item":"https:\/\/www.dsengineers.com\/es\/referencias-dsengineers\/"},{"@type":"ListItem","position":3,"name":"Ingenier\u00eda y auditoria (estudios)"}]},{"@type":"WebSite","@id":"https:\/\/www.dsengineers.com\/en\/#website","url":"https:\/\/www.dsengineers.com\/en\/","name":"De Smet Engineers &amp; Contractors","description":"","publisher":{"@id":"https:\/\/www.dsengineers.com\/en\/#organization"},"potentialAction":[{"@type":"SearchAction","target":{"@type":"EntryPoint","urlTemplate":"https:\/\/www.dsengineers.com\/en\/?s={search_term_string}"},"query-input":{"@type":"PropertyValueSpecification","valueRequired":true,"valueName":"search_term_string"}}],"inLanguage":"es"},{"@type":"Organization","@id":"https:\/\/www.dsengineers.com\/en\/#organization","name":"De Smet Engineers & Contractors","url":"https:\/\/www.dsengineers.com\/en\/","logo":{"@type":"ImageObject","inLanguage":"es","@id":"https:\/\/www.dsengineers.com\/en\/#\/schema\/logo\/image\/","url":"https:\/\/www.dsengineers.com\/files\/uploads\/2020\/08\/desmet-engineers-logo-web.jpg","contentUrl":"https:\/\/www.dsengineers.com\/files\/uploads\/2020\/08\/desmet-engineers-logo-web.jpg","width":1615,"height":609,"caption":"De Smet Engineers & Contractors"},"image":{"@id":"https:\/\/www.dsengineers.com\/en\/#\/schema\/logo\/image\/"},"sameAs":["https:\/\/www.facebook.com\/DeSmetEngineers","https:\/\/www.youtube.com\/user\/DeSmetEngineers"]}]}},"_links":{"self":[{"href":"https:\/\/www.dsengineers.com\/es\/wp-json\/wp\/v2\/pages\/4310","targetHints":{"allow":["GET"]}}],"collection":[{"href":"https:\/\/www.dsengineers.com\/es\/wp-json\/wp\/v2\/pages"}],"about":[{"href":"https:\/\/www.dsengineers.com\/es\/wp-json\/wp\/v2\/types\/page"}],"author":[{"embeddable":true,"href":"https:\/\/www.dsengineers.com\/es\/wp-json\/wp\/v2\/users\/4"}],"replies":[{"embeddable":true,"href":"https:\/\/www.dsengineers.com\/es\/wp-json\/wp\/v2\/comments?post=4310"}],"version-history":[{"count":6,"href":"https:\/\/www.dsengineers.com\/es\/wp-json\/wp\/v2\/pages\/4310\/revisions"}],"predecessor-version":[{"id":19808,"href":"https:\/\/www.dsengineers.com\/es\/wp-json\/wp\/v2\/pages\/4310\/revisions\/19808"}],"up":[{"embeddable":true,"href":"https:\/\/www.dsengineers.com\/es\/wp-json\/wp\/v2\/pages\/3652"}],"wp:featuredmedia":[{"embeddable":true,"href":"https:\/\/www.dsengineers.com\/es\/wp-json\/wp\/v2\/media\/3654"}],"wp:attachment":[{"href":"https:\/\/www.dsengineers.com\/es\/wp-json\/wp\/v2\/media?parent=4310"}],"curies":[{"name":"wp","href":"https:\/\/api.w.org\/{rel}","templated":true}]}}