{"id":3553,"date":"2020-08-17T13:31:37","date_gmt":"2020-08-17T13:31:37","guid":{"rendered":"https:\/\/www.dsengineers.com\/profil\/history\/"},"modified":"2025-07-31T08:16:51","modified_gmt":"2025-07-31T08:16:51","slug":"histoire","status":"publish","type":"page","link":"https:\/\/www.dsengineers.com\/fr\/ensemblier-industriel-agro-alimentaire\/histoire\/","title":{"rendered":"Histoire"},"content":{"rendered":"<div class=\"wpb-content-wrapper\"><p>[vc_row el_class=\u00a0\u00bbbox-shadow mb-5&Prime;][vc_column el_class=\u00a0\u00bbbg-white above ht-11 pt-2 pl-3 pr-3&Prime;][vc_row_inner][vc_column_inner][vc_empty_space height=\u00a0\u00bb22px\u00a0\u00bb][vc_custom_heading text=\u00a0\u00bbHistorique de De Smet Engineers &amp; Contractors\u00a0\u00bb font_container=\u00a0\u00bbtag:h4|text_align:left|color:%23027983&Prime; use_theme_fonts=\u00a0\u00bbyes\u00a0\u00bb][vc_empty_space][vc_column_text]D\u00e9sireux de r\u00e9pondre \u00e0 une demande croissante de ses clients, le Groupe De Smet, fournisseur pour l\u2019industrie des <a href=\"\/fr\/industries\/huiles-vegetales-farines-et-proteines\/\"><strong>Huiles V\u00e9g\u00e9tales<\/strong><\/a>, a constitu\u00e9 DSEC en 1990, reconnaissant ainsi que la r\u00e9alisation d\u2019ensembles cl\u00e9 en main exigeait une organisation sp\u00e9cifique et d\u00e9di\u00e9e r\u00e9unissant des experts aguerris \u00e0 de tr\u00e8s nombreuses disciplines.<\/p>\n<p>Cette nouvelle soci\u00e9t\u00e9 fut ensuite rejointe par une \u00e9quipe d\u2019experts sucriers issus de la soci\u00e9t\u00e9 Abay Engineering, ouvrant ainsi la porte aux projets d\u00e9di\u00e9s aux <strong><a href=\"\/fr\/industries\/industrie-sucriere\/\">Sucre &amp; Ethanol<\/a><\/strong>, allant de l\u2019engineering de base jusqu\u2019\u00e0 la construction compl\u00e8te.<\/p>\n<p>Depuis sa cr\u00e9ation, DSEC a g\u00e9r\u00e9 avec succ\u00e8s plus de 500 projets, allant de la <a href=\"\/fr\/services-et-execution\/gestion-complete-de-projet-maitrise-doeuvre-epcm\/\"><strong>gestion compl\u00e8te de projet<\/strong><\/a> jusqu\u2019\u00e0 la construction de l\u2019installation <a href=\"\/fr\/services-et-execution\/construction-cle-en-main-epc-complet-ou-partiel\/\"><strong>cl\u00e9 en main<\/strong><\/a>. De plus, DSEC a aussi r\u00e9alis\u00e9 de nombreux <a href=\"\/fr\/services-et-execution\/audits-etudes-dingenierie-fel1-2-3-feed\/\"><strong>audits techniques<\/strong><\/a>, des \u00e9tudes d\u2019\u00e9valuation d\u2019investissements et d\u2019ing\u00e9nierie pr\u00e9liminaire (<a href=\"\/fr\/services-et-execution\/audits-etudes-dingenierie-fel1-2-3-feed\/\"><strong>Front End Engineering Design<\/strong> &#8211; <strong>FEED<\/strong><\/a>).<\/p>\n<p>DSEC s\u2019est ensuite d\u00e9velopp\u00e9 dans le secteur des <a href=\"\/fr\/industries\/industries-biosourcees\/\"><strong>Bio-industries<\/strong><\/a> et s\u2019est diversifi\u00e9 r\u00e9cemment dans deux nouveaux secteurs d\u2019activit\u00e9s offrant la m\u00eame gamme de services qui a donn\u00e9 \u00e0 l\u2019entreprise cette solide r\u00e9putation: les <a href=\"\/fr\/solutions-for-industries\/proteines-alternatives-ingredients\/\"><strong>Prot\u00e9ines Alternatives &amp; Ingr\u00e9dients<\/strong><\/a> et les <a href=\"\/fr\/industries\/industries-des-agro-nutrients\/\"><strong>Agro-Nutrients<\/strong><\/a>.<\/p>\n<p>Contr\u00f4l\u00e9e pendant quatorze ans par le groupe Moret Industries avec le soutien de Wallonie Entreprendre, DSEC est d\u00e9sormais d\u00e9tenue majoritairement par le groupe PARLYM depuis juillet 2025.<\/p>\n<p>DSEC est certifi\u00e9 <strong> ISO &#8211; 9001<\/strong> depuis 2012 par SGS.[\/vc_column_text][\/vc_column_inner][\/vc_row_inner][vc_row_inner css=\u00a0\u00bb.vc_custom_1597671586536{background-image: url(https:\/\/www.dsengineers.com\/files\/uploads\/2020\/08\/Primofina-at-sunset-RGB.jpg?id=1522) !important;background-position: center !important;background-repeat: no-repeat !important;background-size: cover !important;}\u00a0\u00bb][vc_column_inner][vc_empty_space height=\u00a0\u00bb600px\u00a0\u00bb el_id=\u00a0\u00bbWhyDSEC\u00a0\u00bb][\/vc_column_inner][\/vc_row_inner][vc_row_inner][vc_column_inner][vc_empty_space height=\u00a0\u00bb22px\u00a0\u00bb][vc_custom_heading text=\u00a0\u00bbPourquoi choisir De Smet Engineers &amp; Contractors ?\u00a0\u00bb font_container=\u00a0\u00bbtag:h4|text_align:left|color:%23027983&Prime; use_theme_fonts=\u00a0\u00bbyes\u00a0\u00bb][vc_empty_space][vc_column_text]<\/p>\n<ul>\n<li>Vaste exp\u00e9rience accumul\u00e9e au fil des ann\u00e9es, dans plus de 30 pays, totalisant plus de 50 projets de grande envergure r\u00e9alis\u00e9s avec succ\u00e8s<\/li>\n<li>Exp\u00e9rience r\u00e9p\u00e9t\u00e9e avec les grands noms de l&rsquo;industrie<\/li>\n<li>Vision globale de l&rsquo;agro-industrie<\/li>\n<li>Ma\u00eetrise et parfaite compr\u00e9hension de la technologie utilis\u00e9e comme condition sine qua non de prise de commande<\/li>\n<li>Equipe hautement qualifi\u00e9e et motiv\u00e9e comptant parmi elle de nombreux experts issus de l&rsquo;industrie<\/li>\n<li>Accent mis sur l&rsquo;<a href=\"\/fr\/solutions-for-industries\/efficacite-energetique-et-durabilite\/\"><strong>efficacit\u00e9 et les \u00e9conomies d&rsquo;\u00e9nergie<\/strong><\/a><\/li>\n<li>Compr\u00e9hension des diff\u00e9rences culturelles et linguistiques locales<\/li>\n<li>Principe de non recours \u00e0 l&rsquo;arbitrage ; jamais eu d&rsquo;appel aux garanties<\/li>\n<\/ul>\n<p>[\/vc_column_text][\/vc_column_inner][\/vc_row_inner][\/vc_column][\/vc_row]<\/p>\n<\/div>","protected":false},"excerpt":{"rendered":"<p>[vc_row el_class=\u00a0\u00bbbox-shadow mb-5&Prime;][vc_column el_class=\u00a0\u00bbbg-white above ht-11 pt-2 pl-3 pr-3&Prime;][vc_row_inner][vc_column_inner][vc_empty_space height=\u00a0\u00bb22px\u00a0\u00bb][vc_custom_heading text=\u00a0\u00bbHistorique de De Smet Engineers &amp; Contractors\u00a0\u00bb font_container=\u00a0\u00bbtag:h4|text_align:left|color:%23027983&Prime; use_theme_fonts=\u00a0\u00bbyes\u00a0\u00bb][vc_empty_space][vc_column_text]D\u00e9sireux de r\u00e9pondre \u00e0 une demande croissante de ses clients, le Groupe De Smet, fournisseur pour l\u2019industrie des Huiles V\u00e9g\u00e9tales, a constitu\u00e9 DSEC en 1990, reconnaissant ainsi que la r\u00e9alisation d\u2019ensembles cl\u00e9 en main exigeait une organisation<\/p>\n","protected":false},"author":4,"featured_media":2903,"parent":3289,"menu_order":7,"comment_status":"closed","ping_status":"closed","template":"header-big-nobg.php","meta":{"inline_featured_image":false,"footnotes":""},"class_list":["post-3553","page","type-page","status-publish","has-post-thumbnail","hentry"],"yoast_head":"<!-- This site is optimized with the Yoast SEO plugin v26.6 - https:\/\/yoast.com\/wordpress\/plugins\/seo\/ -->\n<title>Histoire | De Smet Engineers &amp; Contractors (DSEC)<\/title>\n<meta name=\"robots\" content=\"index, follow, max-snippet:-1, max-image-preview:large, max-video-preview:-1\" \/>\n<link rel=\"canonical\" href=\"https:\/\/www.dsengineers.com\/fr\/ensemblier-industriel-agro-alimentaire\/histoire\/\" \/>\n<meta property=\"og:locale\" content=\"fr_FR\" \/>\n<meta property=\"og:type\" content=\"article\" \/>\n<meta property=\"og:title\" content=\"Histoire | De Smet Engineers &amp; Contractors (DSEC)\" \/>\n<meta property=\"og:description\" content=\"[vc_row el_class=\u00a0\u00bbbox-shadow mb-5&Prime;][vc_column el_class=\u00a0\u00bbbg-white above ht-11 pt-2 pl-3 pr-3&Prime;][vc_row_inner][vc_column_inner][vc_empty_space height=\u00a0\u00bb22px\u00a0\u00bb][vc_custom_heading text=\u00a0\u00bbHistorique de De Smet Engineers &amp; Contractors\u00a0\u00bb font_container=\u00a0\u00bbtag:h4|text_align:left|color:%23027983&Prime; use_theme_fonts=\u00a0\u00bbyes\u00a0\u00bb][vc_empty_space][vc_column_text]D\u00e9sireux de r\u00e9pondre \u00e0 une demande croissante de ses clients, le Groupe De Smet, fournisseur pour l\u2019industrie des Huiles V\u00e9g\u00e9tales, a constitu\u00e9 DSEC en 1990, reconnaissant ainsi que la r\u00e9alisation d\u2019ensembles cl\u00e9 en main exigeait une organisation\" \/>\n<meta property=\"og:url\" content=\"https:\/\/www.dsengineers.com\/fr\/ensemblier-industriel-agro-alimentaire\/histoire\/\" \/>\n<meta property=\"og:site_name\" content=\"De Smet Engineers &amp; Contractors\" \/>\n<meta property=\"article:publisher\" content=\"https:\/\/www.facebook.com\/DeSmetEngineers\" \/>\n<meta property=\"article:modified_time\" content=\"2025-07-31T08:16:51+00:00\" \/>\n<meta property=\"og:image\" content=\"https:\/\/www.dsengineers.com\/files\/uploads\/2020\/08\/Edible-Oils-OSCC-07032009790.jpg\" \/>\n\t<meta property=\"og:image:width\" content=\"1920\" \/>\n\t<meta property=\"og:image:height\" content=\"984\" \/>\n\t<meta property=\"og:image:type\" content=\"image\/jpeg\" \/>\n<meta name=\"twitter:card\" content=\"summary_large_image\" \/>\n<meta name=\"twitter:label1\" content=\"Dur\u00e9e de lecture estim\u00e9e\" \/>\n\t<meta name=\"twitter:data1\" content=\"2 minutes\" \/>\n<script type=\"application\/ld+json\" class=\"yoast-schema-graph\">{\"@context\":\"https:\/\/schema.org\",\"@graph\":[{\"@type\":\"WebPage\",\"@id\":\"https:\/\/www.dsengineers.com\/fr\/ensemblier-industriel-agro-alimentaire\/histoire\/\",\"url\":\"https:\/\/www.dsengineers.com\/fr\/ensemblier-industriel-agro-alimentaire\/histoire\/\",\"name\":\"Histoire | De Smet Engineers &amp; Contractors (DSEC)\",\"isPartOf\":{\"@id\":\"https:\/\/www.dsengineers.com\/en\/#website\"},\"primaryImageOfPage\":{\"@id\":\"https:\/\/www.dsengineers.com\/fr\/ensemblier-industriel-agro-alimentaire\/histoire\/#primaryimage\"},\"image\":{\"@id\":\"https:\/\/www.dsengineers.com\/fr\/ensemblier-industriel-agro-alimentaire\/histoire\/#primaryimage\"},\"thumbnailUrl\":\"https:\/\/www.dsengineers.com\/files\/uploads\/2020\/08\/Edible-Oils-OSCC-07032009790.jpg\",\"datePublished\":\"2020-08-17T13:31:37+00:00\",\"dateModified\":\"2025-07-31T08:16:51+00:00\",\"breadcrumb\":{\"@id\":\"https:\/\/www.dsengineers.com\/fr\/ensemblier-industriel-agro-alimentaire\/histoire\/#breadcrumb\"},\"inLanguage\":\"fr-FR\",\"potentialAction\":[{\"@type\":\"ReadAction\",\"target\":[\"https:\/\/www.dsengineers.com\/fr\/ensemblier-industriel-agro-alimentaire\/histoire\/\"]}]},{\"@type\":\"ImageObject\",\"inLanguage\":\"fr-FR\",\"@id\":\"https:\/\/www.dsengineers.com\/fr\/ensemblier-industriel-agro-alimentaire\/histoire\/#primaryimage\",\"url\":\"https:\/\/www.dsengineers.com\/files\/uploads\/2020\/08\/Edible-Oils-OSCC-07032009790.jpg\",\"contentUrl\":\"https:\/\/www.dsengineers.com\/files\/uploads\/2020\/08\/Edible-Oils-OSCC-07032009790.jpg\",\"width\":1920,\"height\":984},{\"@type\":\"BreadcrumbList\",\"@id\":\"https:\/\/www.dsengineers.com\/fr\/ensemblier-industriel-agro-alimentaire\/histoire\/#breadcrumb\",\"itemListElement\":[{\"@type\":\"ListItem\",\"position\":1,\"name\":\"Accueil\",\"item\":\"https:\/\/www.dsengineers.com\/fr\/\"},{\"@type\":\"ListItem\",\"position\":2,\"name\":\"Profil de DSEC\",\"item\":\"https:\/\/www.dsengineers.com\/fr\/ensemblier-industriel-agro-alimentaire\/\"},{\"@type\":\"ListItem\",\"position\":3,\"name\":\"Histoire\"}]},{\"@type\":\"WebSite\",\"@id\":\"https:\/\/www.dsengineers.com\/en\/#website\",\"url\":\"https:\/\/www.dsengineers.com\/en\/\",\"name\":\"De Smet Engineers &amp; Contractors\",\"description\":\"\",\"publisher\":{\"@id\":\"https:\/\/www.dsengineers.com\/en\/#organization\"},\"potentialAction\":[{\"@type\":\"SearchAction\",\"target\":{\"@type\":\"EntryPoint\",\"urlTemplate\":\"https:\/\/www.dsengineers.com\/en\/?s={search_term_string}\"},\"query-input\":{\"@type\":\"PropertyValueSpecification\",\"valueRequired\":true,\"valueName\":\"search_term_string\"}}],\"inLanguage\":\"fr-FR\"},{\"@type\":\"Organization\",\"@id\":\"https:\/\/www.dsengineers.com\/en\/#organization\",\"name\":\"De Smet Engineers & Contractors\",\"url\":\"https:\/\/www.dsengineers.com\/en\/\",\"logo\":{\"@type\":\"ImageObject\",\"inLanguage\":\"fr-FR\",\"@id\":\"https:\/\/www.dsengineers.com\/en\/#\/schema\/logo\/image\/\",\"url\":\"https:\/\/www.dsengineers.com\/files\/uploads\/2020\/08\/desmet-engineers-logo-web.jpg\",\"contentUrl\":\"https:\/\/www.dsengineers.com\/files\/uploads\/2020\/08\/desmet-engineers-logo-web.jpg\",\"width\":1615,\"height\":609,\"caption\":\"De Smet Engineers & Contractors\"},\"image\":{\"@id\":\"https:\/\/www.dsengineers.com\/en\/#\/schema\/logo\/image\/\"},\"sameAs\":[\"https:\/\/www.facebook.com\/DeSmetEngineers\",\"https:\/\/www.youtube.com\/user\/DeSmetEngineers\"]}]}<\/script>\n<!-- \/ Yoast SEO plugin. -->","yoast_head_json":{"title":"Histoire | De Smet Engineers &amp; Contractors (DSEC)","robots":{"index":"index","follow":"follow","max-snippet":"max-snippet:-1","max-image-preview":"max-image-preview:large","max-video-preview":"max-video-preview:-1"},"canonical":"https:\/\/www.dsengineers.com\/fr\/ensemblier-industriel-agro-alimentaire\/histoire\/","og_locale":"fr_FR","og_type":"article","og_title":"Histoire | De Smet Engineers &amp; Contractors (DSEC)","og_description":"[vc_row el_class=\u00a0\u00bbbox-shadow mb-5&Prime;][vc_column el_class=\u00a0\u00bbbg-white above ht-11 pt-2 pl-3 pr-3&Prime;][vc_row_inner][vc_column_inner][vc_empty_space height=\u00a0\u00bb22px\u00a0\u00bb][vc_custom_heading text=\u00a0\u00bbHistorique de De Smet Engineers &amp; Contractors\u00a0\u00bb font_container=\u00a0\u00bbtag:h4|text_align:left|color:%23027983&Prime; use_theme_fonts=\u00a0\u00bbyes\u00a0\u00bb][vc_empty_space][vc_column_text]D\u00e9sireux de r\u00e9pondre \u00e0 une demande croissante de ses clients, le Groupe De Smet, fournisseur pour l\u2019industrie des Huiles V\u00e9g\u00e9tales, a constitu\u00e9 DSEC en 1990, reconnaissant ainsi que la r\u00e9alisation d\u2019ensembles cl\u00e9 en main exigeait une organisation","og_url":"https:\/\/www.dsengineers.com\/fr\/ensemblier-industriel-agro-alimentaire\/histoire\/","og_site_name":"De Smet Engineers &amp; Contractors","article_publisher":"https:\/\/www.facebook.com\/DeSmetEngineers","article_modified_time":"2025-07-31T08:16:51+00:00","og_image":[{"width":1920,"height":984,"url":"https:\/\/www.dsengineers.com\/files\/uploads\/2020\/08\/Edible-Oils-OSCC-07032009790.jpg","type":"image\/jpeg"}],"twitter_card":"summary_large_image","twitter_misc":{"Dur\u00e9e de lecture estim\u00e9e":"2 minutes"},"schema":{"@context":"https:\/\/schema.org","@graph":[{"@type":"WebPage","@id":"https:\/\/www.dsengineers.com\/fr\/ensemblier-industriel-agro-alimentaire\/histoire\/","url":"https:\/\/www.dsengineers.com\/fr\/ensemblier-industriel-agro-alimentaire\/histoire\/","name":"Histoire | De Smet Engineers &amp; Contractors (DSEC)","isPartOf":{"@id":"https:\/\/www.dsengineers.com\/en\/#website"},"primaryImageOfPage":{"@id":"https:\/\/www.dsengineers.com\/fr\/ensemblier-industriel-agro-alimentaire\/histoire\/#primaryimage"},"image":{"@id":"https:\/\/www.dsengineers.com\/fr\/ensemblier-industriel-agro-alimentaire\/histoire\/#primaryimage"},"thumbnailUrl":"https:\/\/www.dsengineers.com\/files\/uploads\/2020\/08\/Edible-Oils-OSCC-07032009790.jpg","datePublished":"2020-08-17T13:31:37+00:00","dateModified":"2025-07-31T08:16:51+00:00","breadcrumb":{"@id":"https:\/\/www.dsengineers.com\/fr\/ensemblier-industriel-agro-alimentaire\/histoire\/#breadcrumb"},"inLanguage":"fr-FR","potentialAction":[{"@type":"ReadAction","target":["https:\/\/www.dsengineers.com\/fr\/ensemblier-industriel-agro-alimentaire\/histoire\/"]}]},{"@type":"ImageObject","inLanguage":"fr-FR","@id":"https:\/\/www.dsengineers.com\/fr\/ensemblier-industriel-agro-alimentaire\/histoire\/#primaryimage","url":"https:\/\/www.dsengineers.com\/files\/uploads\/2020\/08\/Edible-Oils-OSCC-07032009790.jpg","contentUrl":"https:\/\/www.dsengineers.com\/files\/uploads\/2020\/08\/Edible-Oils-OSCC-07032009790.jpg","width":1920,"height":984},{"@type":"BreadcrumbList","@id":"https:\/\/www.dsengineers.com\/fr\/ensemblier-industriel-agro-alimentaire\/histoire\/#breadcrumb","itemListElement":[{"@type":"ListItem","position":1,"name":"Accueil","item":"https:\/\/www.dsengineers.com\/fr\/"},{"@type":"ListItem","position":2,"name":"Profil de DSEC","item":"https:\/\/www.dsengineers.com\/fr\/ensemblier-industriel-agro-alimentaire\/"},{"@type":"ListItem","position":3,"name":"Histoire"}]},{"@type":"WebSite","@id":"https:\/\/www.dsengineers.com\/en\/#website","url":"https:\/\/www.dsengineers.com\/en\/","name":"De Smet Engineers &amp; Contractors","description":"","publisher":{"@id":"https:\/\/www.dsengineers.com\/en\/#organization"},"potentialAction":[{"@type":"SearchAction","target":{"@type":"EntryPoint","urlTemplate":"https:\/\/www.dsengineers.com\/en\/?s={search_term_string}"},"query-input":{"@type":"PropertyValueSpecification","valueRequired":true,"valueName":"search_term_string"}}],"inLanguage":"fr-FR"},{"@type":"Organization","@id":"https:\/\/www.dsengineers.com\/en\/#organization","name":"De Smet Engineers & Contractors","url":"https:\/\/www.dsengineers.com\/en\/","logo":{"@type":"ImageObject","inLanguage":"fr-FR","@id":"https:\/\/www.dsengineers.com\/en\/#\/schema\/logo\/image\/","url":"https:\/\/www.dsengineers.com\/files\/uploads\/2020\/08\/desmet-engineers-logo-web.jpg","contentUrl":"https:\/\/www.dsengineers.com\/files\/uploads\/2020\/08\/desmet-engineers-logo-web.jpg","width":1615,"height":609,"caption":"De Smet Engineers & Contractors"},"image":{"@id":"https:\/\/www.dsengineers.com\/en\/#\/schema\/logo\/image\/"},"sameAs":["https:\/\/www.facebook.com\/DeSmetEngineers","https:\/\/www.youtube.com\/user\/DeSmetEngineers"]}]}},"_links":{"self":[{"href":"https:\/\/www.dsengineers.com\/fr\/wp-json\/wp\/v2\/pages\/3553","targetHints":{"allow":["GET"]}}],"collection":[{"href":"https:\/\/www.dsengineers.com\/fr\/wp-json\/wp\/v2\/pages"}],"about":[{"href":"https:\/\/www.dsengineers.com\/fr\/wp-json\/wp\/v2\/types\/page"}],"author":[{"embeddable":true,"href":"https:\/\/www.dsengineers.com\/fr\/wp-json\/wp\/v2\/users\/4"}],"replies":[{"embeddable":true,"href":"https:\/\/www.dsengineers.com\/fr\/wp-json\/wp\/v2\/comments?post=3553"}],"version-history":[{"count":12,"href":"https:\/\/www.dsengineers.com\/fr\/wp-json\/wp\/v2\/pages\/3553\/revisions"}],"predecessor-version":[{"id":21933,"href":"https:\/\/www.dsengineers.com\/fr\/wp-json\/wp\/v2\/pages\/3553\/revisions\/21933"}],"up":[{"embeddable":true,"href":"https:\/\/www.dsengineers.com\/fr\/wp-json\/wp\/v2\/pages\/3289"}],"wp:featuredmedia":[{"embeddable":true,"href":"https:\/\/www.dsengineers.com\/fr\/wp-json\/wp\/v2\/media\/2903"}],"wp:attachment":[{"href":"https:\/\/www.dsengineers.com\/fr\/wp-json\/wp\/v2\/media?parent=3553"}],"curies":[{"name":"wp","href":"https:\/\/api.w.org\/{rel}","templated":true}]}}