{"id":3573,"date":"2020-08-20T14:50:35","date_gmt":"2020-08-20T14:50:35","guid":{"rendered":"https:\/\/www.dsengineers.com\/profil\/partners\/"},"modified":"2025-07-31T10:00:28","modified_gmt":"2025-07-31T10:00:28","slug":"partenaires","status":"publish","type":"page","link":"https:\/\/www.dsengineers.com\/fr\/ensemblier-industriel-agro-alimentaire\/partenaires\/","title":{"rendered":"Partenaires"},"content":{"rendered":"<div class=\"wpb-content-wrapper\"><p>[vc_row el_class=\u00a0\u00bbbg-white above ht-11 pt-2 pl-3 pr-3&Prime; css=\u00a0\u00bb.vc_custom_1597934809201{background-position: center !important;background-repeat: no-repeat !important;background-size: contain !important;}\u00a0\u00bb][vc_column]<div id=\"mpc_accordion-8369e342fa51466\" class=\"mpc-accordion mpc-init mpc-transition mpc-accordion--toggle \" ><ul class=\"mpc-accordion__content\"><li class=\"mpc-accordion__item \"><div class=\"mpc-accordion-item__heading mpc-transition\"><div data-id=\"mpc_icon-8269e342fa5142c\" class=\"mpc-icon mpc-init mpc-transition mpc-effect-fade mpc-icon-hover \"><div class=\"mpc-icon-wrap\"><i class=\"mpc-icon-part mpc-regular mpc-transition  eti eti_arrow_carrot-right_alt2\"><\/i><i class=\"mpc-icon-part mpc-hover mpc-transition  eti eti_arrow_carrot-down_alt2\"><\/i><\/div><\/div><h3>PARLYM<\/h3><\/div><div class=\"mpc-accordion-item__content mpc-container\" ><div class=\"mpc-accordion-item__wrapper\">[vc_row_inner content_placement=\u00a0\u00bbmiddle\u00a0\u00bb][vc_column_inner el_class=\u00a0\u00bbbg-border p-2&Prime;][vc_column_text]<a href=\"https:\/\/www.parlym.com\/\"><strong>Parlym<\/strong><\/a> con\u00e7oit et r\u00e9alise des infrastructures \u00e9nerg\u00e9tiques cl\u00e9s en main destin\u00e9es principalement aux grands acteurs industriels de l\u2019Oil &amp; Gas et du Nucl\u00e9aire en Europe et en Afrique. De l\u2019EPC \u00e0 l\u2019Assistance technique en passant par la fourniture et la fabrication d\u2019\u00e9quipements, l\u2019offre de Parlym permet d\u2019intervenir \u00e0 chaque \u00e9tape cl\u00e9 des projets de ses clients. Employant pr\u00e8s de 1.500 personnes, Parlym a r\u00e9alis\u00e9 un chiffre d\u2019affaires de 252m\u20ac en 2024.<\/p>\n<p>Fond\u00e9 en 1973, Parlym a connu une premi\u00e8re phase de transformation et de croissance de 2014 \u00e0 2022. Un nouveau plan de transformation de huit ans a \u00e9t\u00e9 \u00e9labor\u00e9 en 2022 afin d\u2019orienter le Groupe sur des activit\u00e9s non carbon\u00e9es. L\u2019acquisition d\u2019une part majoritaire de De Smet Engineers &amp; Contractors (DSEC) constitue un pas important dans cette direction.[\/vc_column_text][vc_single_image image=\u00a0\u00bb21902&Prime; img_size=\u00a0\u00bb250&#215;210&Prime; alignment=\u00a0\u00bbcenter\u00a0\u00bb onclick=\u00a0\u00bbcustom_link\u00a0\u00bb link=\u00a0\u00bbhttps:\/\/www.parlym.com\/\u00a0\u00bb][\/vc_column_inner][\/vc_row_inner]<\/div><\/div><\/li><li class=\"mpc-accordion__item \"><div class=\"mpc-accordion-item__heading mpc-transition\"><div data-id=\"mpc_icon-8269e342fa5142c\" class=\"mpc-icon mpc-init mpc-transition mpc-effect-fade mpc-icon-hover \"><div class=\"mpc-icon-wrap\"><i class=\"mpc-icon-part mpc-regular mpc-transition  eti eti_arrow_carrot-right_alt2\"><\/i><i class=\"mpc-icon-part mpc-hover mpc-transition  eti eti_arrow_carrot-down_alt2\"><\/i><\/div><\/div><h3>Moret Industries Group<\/h3><\/div><div class=\"mpc-accordion-item__content mpc-container\" ><div class=\"mpc-accordion-item__wrapper\">[vc_row_inner content_placement=\u00a0\u00bbmiddle\u00a0\u00bb][vc_column_inner el_class=\u00a0\u00bbbg-border p-2&Prime;][vc_column_text]<a href=\"http:\/\/www.moretindustries.com\/\" target=\"_blank\" rel=\"noopener noreferrer\"><strong>Moret Industries Group<\/strong><\/a> est actif dans le domaine de l&rsquo;ing\u00e9nierie, des proc\u00e9d\u00e9s et de l&rsquo;\u00e9nergie \u00e0 travers un certain nombre d&rsquo;entreprises hautement sp\u00e9cialis\u00e9es. Il garantit \u00e0 l&rsquo;industrie la r\u00e9ussite de ses projets en accompagnant depuis la conception et \u00e0 la fabrication d&rsquo;\u00e9quipements jusqu&rsquo;\u00e0 la gestion de projets cl\u00e9 en main, et \u00e0 la fourniture de services apr\u00e8s-vente.<br \/>\nDepuis 150 ans, les g\u00e9n\u00e9rations de dirigeants familiaux se succ\u00e8dent pour accompagner le d\u00e9veloppement du groupe Moret Industries. Cette aventure industrielle est possible gr\u00e2ce \u00e0 sa vision sur le long terme, une connaissance approfondie de ses m\u00e9tiers et des enjeux de ses march\u00e9s, mais aussi et surtout, par la volont\u00e9 de promouvoir et partager des valeurs humaines essentielles qui responsabilisent et encouragent l\u2019initiative de chaque homme et de chaque femme dans l\u2019entreprise. Le groupe vous accompagne en poursuivant sa croissance, en enrichissant et en \u00e9largissant son savoir-faire sur chacune de ses activit\u00e9s et en d\u00e9veloppant les synergies industrielles et commerciales permettant de r\u00e9pondre \u00e0 vos attentes \u00e0 chaque \u00e9tape de la r\u00e9alisation de votre projet industriel.[\/vc_column_text][vc_single_image image=\u00a0\u00bb3161&Prime; img_size=\u00a0\u00bbfull\u00a0\u00bb alignment=\u00a0\u00bbcenter\u00a0\u00bb onclick=\u00a0\u00bbcustom_link\u00a0\u00bb link=\u00a0\u00bbhttp:\/\/www.moretindustries.com\/\u00a0\u00bb][\/vc_column_inner][\/vc_row_inner]<\/div><\/div><\/li><li class=\"mpc-accordion__item \"><div class=\"mpc-accordion-item__heading mpc-transition\"><div data-id=\"mpc_icon-8269e342fa5142c\" class=\"mpc-icon mpc-init mpc-transition mpc-effect-fade mpc-icon-hover \"><div class=\"mpc-icon-wrap\"><i class=\"mpc-icon-part mpc-regular mpc-transition  eti eti_arrow_carrot-right_alt2\"><\/i><i class=\"mpc-icon-part mpc-hover mpc-transition  eti eti_arrow_carrot-down_alt2\"><\/i><\/div><\/div><h3>EMINEO Ltd.<\/h3><\/div><div class=\"mpc-accordion-item__content mpc-container\" ><div class=\"mpc-accordion-item__wrapper\">[vc_row_inner content_placement=\u00a0\u00bbmiddle\u00a0\u00bb][vc_column_inner el_class=\u00a0\u00bbbg-border p-2&Prime;][vc_column_text]<a title=\"Emineo\" href=\"http:\/\/www.emineo.mu\/\" target=\"_blank\" rel=\"noopener noreferrer\"><strong>EMINEO Ltd.<\/strong><\/a> est un ensemblier industriel et entrepreneur g\u00e9n\u00e9ral mauricien actif dans l\u2019ing\u00e9nierie, la gestion de la construction et l\u2019assistance technique \u00e0 ses clients du secteur du sucre et de l\u2019Agro-industrie. La participation de DSEC dans EMINEO est propice au d\u00e9veloppement de la strat\u00e9gie de DSEC dans l\u2019ensemble du continent africain et au Moyen-Orient.[\/vc_column_text][vc_single_image image=\u00a0\u00bb3162&Prime; img_size=\u00a0\u00bbfull\u00a0\u00bb alignment=\u00a0\u00bbcenter\u00a0\u00bb onclick=\u00a0\u00bbcustom_link\u00a0\u00bb link=\u00a0\u00bbhttp:\/\/www.emineo.mu\/\u00a0\u00bb][\/vc_column_inner][\/vc_row_inner]<\/div><\/div><\/li><li class=\"mpc-accordion__item \"><div class=\"mpc-accordion-item__heading mpc-transition\"><div data-id=\"mpc_icon-8269e342fa5142c\" class=\"mpc-icon mpc-init mpc-transition mpc-effect-fade mpc-icon-hover \"><div class=\"mpc-icon-wrap\"><i class=\"mpc-icon-part mpc-regular mpc-transition  eti eti_arrow_carrot-right_alt2\"><\/i><i class=\"mpc-icon-part mpc-hover mpc-transition  eti eti_arrow_carrot-down_alt2\"><\/i><\/div><\/div><h3>Agence wallonne \u00e0 l'Exportation et aux Investissements Etrangers (AWEX)<\/h3><\/div><div class=\"mpc-accordion-item__content mpc-container\" ><div class=\"mpc-accordion-item__wrapper\">[vc_row_inner content_placement=\u00a0\u00bbmiddle\u00a0\u00bb][vc_column_inner el_class=\u00a0\u00bbbg-border p-2&Prime;][vc_column_text]L&rsquo;<a href=\"http:\/\/www.awex.be\/\" target=\"_blank\" rel=\"noopener noreferrer\"><strong>Agence wallonne \u00e0 l&rsquo;Exportation et aux Investissements Etrangers (AWEX)<br \/>\n<\/strong><\/a>est l&rsquo;organisme de la R\u00e9gion wallonne charg\u00e9 de la promotion du commerce international et des investissements \u00e9trangers en Wallonie. C&rsquo;est un organisme public dont la vocation est d&rsquo;assister les entreprises wallonnes sur les march\u00e9s internationaux.[\/vc_column_text][vc_single_image image=\u00a0\u00bb3163&Prime; img_size=\u00a0\u00bbfull\u00a0\u00bb alignment=\u00a0\u00bbcenter\u00a0\u00bb onclick=\u00a0\u00bbcustom_link\u00a0\u00bb link=\u00a0\u00bbhttp:\/\/www.awex.be\/\u00a0\u00bb][\/vc_column_inner][\/vc_row_inner]<\/div><\/div><\/li><li class=\"mpc-accordion__item \"><div class=\"mpc-accordion-item__heading mpc-transition\"><div data-id=\"mpc_icon-8269e342fa5142c\" class=\"mpc-icon mpc-init mpc-transition mpc-effect-fade mpc-icon-hover \"><div class=\"mpc-icon-wrap\"><i class=\"mpc-icon-part mpc-regular mpc-transition  eti eti_arrow_carrot-right_alt2\"><\/i><i class=\"mpc-icon-part mpc-hover mpc-transition  eti eti_arrow_carrot-down_alt2\"><\/i><\/div><\/div><h3>Ducroire (Credendo Group)<\/h3><\/div><div class=\"mpc-accordion-item__content mpc-container\" ><div class=\"mpc-accordion-item__wrapper\">[vc_row_inner content_placement=\u00a0\u00bbmiddle\u00a0\u00bb][vc_column_inner el_class=\u00a0\u00bbbg-border p-2&Prime;][vc_column_text]Le <a href=\"https:\/\/www.credendo.com\/\" target=\"_blank\" rel=\"noopener noreferrer\"><strong>Ducroire (Credendo Group)<\/strong><\/a> est l&rsquo;assureur-cr\u00e9dit public belge (ECA). Il assure les entreprises et les banques contre les risques politiques et commerciaux li\u00e9s aux transactions commerciales internationales, concernant principalement les biens d&rsquo;\u00e9quipement et les projets industriels, ainsi que des contrats de travaux et services. Il peut aussi travailler aux c\u00f4t\u00e9s des banques gr\u00e2ce \u00e0 des programmes de partage des risques.[\/vc_column_text][vc_single_image image=\u00a0\u00bb3164&Prime; img_size=\u00a0\u00bbfull\u00a0\u00bb alignment=\u00a0\u00bbcenter\u00a0\u00bb onclick=\u00a0\u00bbcustom_link\u00a0\u00bb link=\u00a0\u00bbhttps:\/\/www.credendo.com\/\u00a0\u00bb][\/vc_column_inner][\/vc_row_inner]<\/div><\/div><\/li><li class=\"mpc-accordion__item \"><div class=\"mpc-accordion-item__heading mpc-transition\"><div data-id=\"mpc_icon-8269e342fa5142c\" class=\"mpc-icon mpc-init mpc-transition mpc-effect-fade mpc-icon-hover \"><div class=\"mpc-icon-wrap\"><i class=\"mpc-icon-part mpc-regular mpc-transition  eti eti_arrow_carrot-right_alt2\"><\/i><i class=\"mpc-icon-part mpc-hover mpc-transition  eti eti_arrow_carrot-down_alt2\"><\/i><\/div><\/div><h3>Interis<\/h3><\/div><div class=\"mpc-accordion-item__content mpc-container\" ><div class=\"mpc-accordion-item__wrapper\">[vc_row_inner content_placement=\u00a0\u00bbmiddle\u00a0\u00bb][vc_column_inner el_class=\u00a0\u00bbbg-border p-2&Prime;][vc_column_text]<\/p>\n<div id=\"scrollDownAnchor\" class=\"gdlr-core-pbf-column gdlr-core-column-20 gdlr-core-column-first\">\n<div class=\"gdlr-core-pbf-column-content-margin gdlr-core-js hometitle\">\n<div class=\"gdlr-core-pbf-column-content clearfix gdlr-core-js \">\n<div class=\"gdlr-core-pbf-element\">\n<div class=\"gdlr-core-divider-item gdlr-core-divider-item-normal gdlr-core-item-pdlr gdlr-core-left-align\">\n<div class=\"gdlr-core-divider-container\">\n<div class=\"gdlr-core-divider-line gdlr-core-skin-divider\"><\/div>\n<\/div>\n<\/div>\n<\/div>\n<\/div>\n<\/div>\n<\/div>\n<div class=\"gdlr-core-pbf-column gdlr-core-column-40\">\n<div class=\"gdlr-core-pbf-column-content-margin gdlr-core-js hometxt\">\n<div class=\"gdlr-core-pbf-column-content clearfix gdlr-core-js \">\n<div class=\"gdlr-core-pbf-element\">\n<div class=\"gdlr-core-text-box-item gdlr-core-item-pdlr gdlr-core-item-pdb gdlr-core-left-align\">\n<div class=\"gdlr-core-text-box-item-content\">\n<p>En tant qu\u2019<strong><span id=\"E1474\"><\/span><span id=\"E1475\">expert en biotechnologie<\/span><\/strong><span id=\"E1476\">,\u00a0<\/span><a href=\"https:\/\/www.interistech.com\/fr\/\"><span id=\"E1477\">INTERIS <\/span><\/a><span id=\"E1478\">propose un large \u00e9ventail de proc\u00e9d\u00e9s et de techniques fiables ainsi qu\u2019une palette compl\u00e8te de services. Gr\u00e2ce \u00e0 cela, profitez notamment de <\/span><span id=\"E1481\">leurs audits et \u00e9tudes <\/span><span id=\"E1482\">qui vous permettront de travailler \u00e0 l\u2019optimisation \u00e9nerg\u00e9tique de votre production.<\/span><\/p>\n<\/div>\n<\/div>\n<\/div>\n<div class=\"gdlr-core-pbf-element\">\n<div class=\"gdlr-core-text-box-item gdlr-core-item-pdlr gdlr-core-item-pdb gdlr-core-left-align gdlr-core-no-p-space\">\n<div class=\"gdlr-core-text-box-item-content\">\n<p class=\"p1\">Depuis 30 ans, INTERIS d\u00e9veloppe des\u00a0solutionspour transformer\u00a0<strong>les bio produits<\/strong>. Concevant un projet comme un tout, INTERIS participe \u00e0 la conception et la construction d\u2019unit\u00e9s de production ou transformation de bio produits. Plus de 180 Unit\u00e9s dans le monde entier peuvent t\u00e9moigner du professionnalisme et de l\u2019efficacit\u00e9 des \u00e9quipes.<\/p>\n<\/div>\n<\/div>\n<\/div>\n<\/div>\n<\/div>\n<\/div>\n<p>[\/vc_column_text][vc_single_image image=\u00a0\u00bb21850&Prime; img_size=\u00a0\u00bbfull\u00a0\u00bb alignment=\u00a0\u00bbcenter\u00a0\u00bb onclick=\u00a0\u00bbcustom_link\u00a0\u00bb link=\u00a0\u00bbhttps:\/\/www.interistech.com\/fr\/\u00a0\u00bb][\/vc_column_inner][\/vc_row_inner]<\/div><\/div><\/li><\/ul><\/div>[\/vc_column][\/vc_row]<\/p>\n<\/div>","protected":false},"excerpt":{"rendered":"<p>[vc_row el_class=\u00a0\u00bbbg-white above ht-11 pt-2 pl-3 pr-3&Prime; css=\u00a0\u00bb.vc_custom_1597934809201{background-position: center !important;background-repeat: no-repeat !important;background-size: contain !important;}\u00a0\u00bb][vc_column][\/vc_column][\/vc_row]<\/p>\n","protected":false},"author":4,"featured_media":2919,"parent":3289,"menu_order":9,"comment_status":"closed","ping_status":"closed","template":"header-big-nobg.php","meta":{"inline_featured_image":false,"footnotes":""},"class_list":["post-3573","page","type-page","status-publish","has-post-thumbnail","hentry"],"yoast_head":"<!-- This site is optimized with the Yoast SEO plugin v26.6 - https:\/\/yoast.com\/wordpress\/plugins\/seo\/ -->\n<title>Partenaires | De Smet Engineers &amp; Contractors<\/title>\n<meta name=\"robots\" content=\"index, follow, max-snippet:-1, max-image-preview:large, max-video-preview:-1\" \/>\n<link rel=\"canonical\" href=\"https:\/\/www.dsengineers.com\/fr\/ensemblier-industriel-agro-alimentaire\/partenaires\/\" \/>\n<meta property=\"og:locale\" content=\"fr_FR\" \/>\n<meta property=\"og:type\" content=\"article\" \/>\n<meta property=\"og:title\" content=\"Partenaires | De Smet Engineers &amp; Contractors\" \/>\n<meta property=\"og:description\" content=\"[vc_row el_class=\u00a0\u00bbbg-white above ht-11 pt-2 pl-3 pr-3&Prime; css=\u00a0\u00bb.vc_custom_1597934809201{background-position: center !important;background-repeat: no-repeat !important;background-size: contain !important;}\u00a0\u00bb][vc_column][\/vc_column][\/vc_row]\" \/>\n<meta property=\"og:url\" content=\"https:\/\/www.dsengineers.com\/fr\/ensemblier-industriel-agro-alimentaire\/partenaires\/\" \/>\n<meta property=\"og:site_name\" content=\"De Smet Engineers &amp; Contractors\" \/>\n<meta property=\"article:publisher\" content=\"https:\/\/www.facebook.com\/DeSmetEngineers\" \/>\n<meta property=\"article:modified_time\" content=\"2025-07-31T10:00:28+00:00\" \/>\n<meta property=\"og:image\" content=\"https:\/\/www.dsengineers.com\/files\/uploads\/2020\/08\/Headquarters-in-Belgium-De-Smet-Engineers-Contractors-SA-2.jpg\" \/>\n\t<meta property=\"og:image:width\" content=\"1920\" \/>\n\t<meta property=\"og:image:height\" content=\"1080\" \/>\n\t<meta property=\"og:image:type\" content=\"image\/jpeg\" \/>\n<meta name=\"twitter:card\" content=\"summary_large_image\" \/>\n<meta name=\"twitter:label1\" content=\"Dur\u00e9e de lecture estim\u00e9e\" \/>\n\t<meta name=\"twitter:data1\" content=\"3 minutes\" \/>\n<script type=\"application\/ld+json\" class=\"yoast-schema-graph\">{\"@context\":\"https:\/\/schema.org\",\"@graph\":[{\"@type\":\"WebPage\",\"@id\":\"https:\/\/www.dsengineers.com\/fr\/ensemblier-industriel-agro-alimentaire\/partenaires\/\",\"url\":\"https:\/\/www.dsengineers.com\/fr\/ensemblier-industriel-agro-alimentaire\/partenaires\/\",\"name\":\"Partenaires | De Smet Engineers &amp; Contractors\",\"isPartOf\":{\"@id\":\"https:\/\/www.dsengineers.com\/en\/#website\"},\"primaryImageOfPage\":{\"@id\":\"https:\/\/www.dsengineers.com\/fr\/ensemblier-industriel-agro-alimentaire\/partenaires\/#primaryimage\"},\"image\":{\"@id\":\"https:\/\/www.dsengineers.com\/fr\/ensemblier-industriel-agro-alimentaire\/partenaires\/#primaryimage\"},\"thumbnailUrl\":\"https:\/\/www.dsengineers.com\/files\/uploads\/2020\/08\/Headquarters-in-Belgium-De-Smet-Engineers-Contractors-SA-2.jpg\",\"datePublished\":\"2020-08-20T14:50:35+00:00\",\"dateModified\":\"2025-07-31T10:00:28+00:00\",\"breadcrumb\":{\"@id\":\"https:\/\/www.dsengineers.com\/fr\/ensemblier-industriel-agro-alimentaire\/partenaires\/#breadcrumb\"},\"inLanguage\":\"fr-FR\",\"potentialAction\":[{\"@type\":\"ReadAction\",\"target\":[\"https:\/\/www.dsengineers.com\/fr\/ensemblier-industriel-agro-alimentaire\/partenaires\/\"]}]},{\"@type\":\"ImageObject\",\"inLanguage\":\"fr-FR\",\"@id\":\"https:\/\/www.dsengineers.com\/fr\/ensemblier-industriel-agro-alimentaire\/partenaires\/#primaryimage\",\"url\":\"https:\/\/www.dsengineers.com\/files\/uploads\/2020\/08\/Headquarters-in-Belgium-De-Smet-Engineers-Contractors-SA-2.jpg\",\"contentUrl\":\"https:\/\/www.dsengineers.com\/files\/uploads\/2020\/08\/Headquarters-in-Belgium-De-Smet-Engineers-Contractors-SA-2.jpg\",\"width\":1920,\"height\":1080},{\"@type\":\"BreadcrumbList\",\"@id\":\"https:\/\/www.dsengineers.com\/fr\/ensemblier-industriel-agro-alimentaire\/partenaires\/#breadcrumb\",\"itemListElement\":[{\"@type\":\"ListItem\",\"position\":1,\"name\":\"Accueil\",\"item\":\"https:\/\/www.dsengineers.com\/fr\/\"},{\"@type\":\"ListItem\",\"position\":2,\"name\":\"Profil de DSEC\",\"item\":\"https:\/\/www.dsengineers.com\/fr\/ensemblier-industriel-agro-alimentaire\/\"},{\"@type\":\"ListItem\",\"position\":3,\"name\":\"Partenaires\"}]},{\"@type\":\"WebSite\",\"@id\":\"https:\/\/www.dsengineers.com\/en\/#website\",\"url\":\"https:\/\/www.dsengineers.com\/en\/\",\"name\":\"De Smet Engineers &amp; Contractors\",\"description\":\"\",\"publisher\":{\"@id\":\"https:\/\/www.dsengineers.com\/en\/#organization\"},\"potentialAction\":[{\"@type\":\"SearchAction\",\"target\":{\"@type\":\"EntryPoint\",\"urlTemplate\":\"https:\/\/www.dsengineers.com\/en\/?s={search_term_string}\"},\"query-input\":{\"@type\":\"PropertyValueSpecification\",\"valueRequired\":true,\"valueName\":\"search_term_string\"}}],\"inLanguage\":\"fr-FR\"},{\"@type\":\"Organization\",\"@id\":\"https:\/\/www.dsengineers.com\/en\/#organization\",\"name\":\"De Smet Engineers & Contractors\",\"url\":\"https:\/\/www.dsengineers.com\/en\/\",\"logo\":{\"@type\":\"ImageObject\",\"inLanguage\":\"fr-FR\",\"@id\":\"https:\/\/www.dsengineers.com\/en\/#\/schema\/logo\/image\/\",\"url\":\"https:\/\/www.dsengineers.com\/files\/uploads\/2020\/08\/desmet-engineers-logo-web.jpg\",\"contentUrl\":\"https:\/\/www.dsengineers.com\/files\/uploads\/2020\/08\/desmet-engineers-logo-web.jpg\",\"width\":1615,\"height\":609,\"caption\":\"De Smet Engineers & Contractors\"},\"image\":{\"@id\":\"https:\/\/www.dsengineers.com\/en\/#\/schema\/logo\/image\/\"},\"sameAs\":[\"https:\/\/www.facebook.com\/DeSmetEngineers\",\"https:\/\/www.youtube.com\/user\/DeSmetEngineers\"]}]}<\/script>\n<!-- \/ Yoast SEO plugin. -->","yoast_head_json":{"title":"Partenaires | De Smet Engineers &amp; Contractors","robots":{"index":"index","follow":"follow","max-snippet":"max-snippet:-1","max-image-preview":"max-image-preview:large","max-video-preview":"max-video-preview:-1"},"canonical":"https:\/\/www.dsengineers.com\/fr\/ensemblier-industriel-agro-alimentaire\/partenaires\/","og_locale":"fr_FR","og_type":"article","og_title":"Partenaires | De Smet Engineers &amp; Contractors","og_description":"[vc_row el_class=\u00a0\u00bbbg-white above ht-11 pt-2 pl-3 pr-3&Prime; css=\u00a0\u00bb.vc_custom_1597934809201{background-position: center !important;background-repeat: no-repeat !important;background-size: contain !important;}\u00a0\u00bb][vc_column][\/vc_column][\/vc_row]","og_url":"https:\/\/www.dsengineers.com\/fr\/ensemblier-industriel-agro-alimentaire\/partenaires\/","og_site_name":"De Smet Engineers &amp; Contractors","article_publisher":"https:\/\/www.facebook.com\/DeSmetEngineers","article_modified_time":"2025-07-31T10:00:28+00:00","og_image":[{"width":1920,"height":1080,"url":"https:\/\/www.dsengineers.com\/files\/uploads\/2020\/08\/Headquarters-in-Belgium-De-Smet-Engineers-Contractors-SA-2.jpg","type":"image\/jpeg"}],"twitter_card":"summary_large_image","twitter_misc":{"Dur\u00e9e de lecture estim\u00e9e":"3 minutes"},"schema":{"@context":"https:\/\/schema.org","@graph":[{"@type":"WebPage","@id":"https:\/\/www.dsengineers.com\/fr\/ensemblier-industriel-agro-alimentaire\/partenaires\/","url":"https:\/\/www.dsengineers.com\/fr\/ensemblier-industriel-agro-alimentaire\/partenaires\/","name":"Partenaires | De Smet Engineers &amp; Contractors","isPartOf":{"@id":"https:\/\/www.dsengineers.com\/en\/#website"},"primaryImageOfPage":{"@id":"https:\/\/www.dsengineers.com\/fr\/ensemblier-industriel-agro-alimentaire\/partenaires\/#primaryimage"},"image":{"@id":"https:\/\/www.dsengineers.com\/fr\/ensemblier-industriel-agro-alimentaire\/partenaires\/#primaryimage"},"thumbnailUrl":"https:\/\/www.dsengineers.com\/files\/uploads\/2020\/08\/Headquarters-in-Belgium-De-Smet-Engineers-Contractors-SA-2.jpg","datePublished":"2020-08-20T14:50:35+00:00","dateModified":"2025-07-31T10:00:28+00:00","breadcrumb":{"@id":"https:\/\/www.dsengineers.com\/fr\/ensemblier-industriel-agro-alimentaire\/partenaires\/#breadcrumb"},"inLanguage":"fr-FR","potentialAction":[{"@type":"ReadAction","target":["https:\/\/www.dsengineers.com\/fr\/ensemblier-industriel-agro-alimentaire\/partenaires\/"]}]},{"@type":"ImageObject","inLanguage":"fr-FR","@id":"https:\/\/www.dsengineers.com\/fr\/ensemblier-industriel-agro-alimentaire\/partenaires\/#primaryimage","url":"https:\/\/www.dsengineers.com\/files\/uploads\/2020\/08\/Headquarters-in-Belgium-De-Smet-Engineers-Contractors-SA-2.jpg","contentUrl":"https:\/\/www.dsengineers.com\/files\/uploads\/2020\/08\/Headquarters-in-Belgium-De-Smet-Engineers-Contractors-SA-2.jpg","width":1920,"height":1080},{"@type":"BreadcrumbList","@id":"https:\/\/www.dsengineers.com\/fr\/ensemblier-industriel-agro-alimentaire\/partenaires\/#breadcrumb","itemListElement":[{"@type":"ListItem","position":1,"name":"Accueil","item":"https:\/\/www.dsengineers.com\/fr\/"},{"@type":"ListItem","position":2,"name":"Profil de DSEC","item":"https:\/\/www.dsengineers.com\/fr\/ensemblier-industriel-agro-alimentaire\/"},{"@type":"ListItem","position":3,"name":"Partenaires"}]},{"@type":"WebSite","@id":"https:\/\/www.dsengineers.com\/en\/#website","url":"https:\/\/www.dsengineers.com\/en\/","name":"De Smet Engineers &amp; Contractors","description":"","publisher":{"@id":"https:\/\/www.dsengineers.com\/en\/#organization"},"potentialAction":[{"@type":"SearchAction","target":{"@type":"EntryPoint","urlTemplate":"https:\/\/www.dsengineers.com\/en\/?s={search_term_string}"},"query-input":{"@type":"PropertyValueSpecification","valueRequired":true,"valueName":"search_term_string"}}],"inLanguage":"fr-FR"},{"@type":"Organization","@id":"https:\/\/www.dsengineers.com\/en\/#organization","name":"De Smet Engineers & Contractors","url":"https:\/\/www.dsengineers.com\/en\/","logo":{"@type":"ImageObject","inLanguage":"fr-FR","@id":"https:\/\/www.dsengineers.com\/en\/#\/schema\/logo\/image\/","url":"https:\/\/www.dsengineers.com\/files\/uploads\/2020\/08\/desmet-engineers-logo-web.jpg","contentUrl":"https:\/\/www.dsengineers.com\/files\/uploads\/2020\/08\/desmet-engineers-logo-web.jpg","width":1615,"height":609,"caption":"De Smet Engineers & Contractors"},"image":{"@id":"https:\/\/www.dsengineers.com\/en\/#\/schema\/logo\/image\/"},"sameAs":["https:\/\/www.facebook.com\/DeSmetEngineers","https:\/\/www.youtube.com\/user\/DeSmetEngineers"]}]}},"_links":{"self":[{"href":"https:\/\/www.dsengineers.com\/fr\/wp-json\/wp\/v2\/pages\/3573","targetHints":{"allow":["GET"]}}],"collection":[{"href":"https:\/\/www.dsengineers.com\/fr\/wp-json\/wp\/v2\/pages"}],"about":[{"href":"https:\/\/www.dsengineers.com\/fr\/wp-json\/wp\/v2\/types\/page"}],"author":[{"embeddable":true,"href":"https:\/\/www.dsengineers.com\/fr\/wp-json\/wp\/v2\/users\/4"}],"replies":[{"embeddable":true,"href":"https:\/\/www.dsengineers.com\/fr\/wp-json\/wp\/v2\/comments?post=3573"}],"version-history":[{"count":13,"href":"https:\/\/www.dsengineers.com\/fr\/wp-json\/wp\/v2\/pages\/3573\/revisions"}],"predecessor-version":[{"id":21936,"href":"https:\/\/www.dsengineers.com\/fr\/wp-json\/wp\/v2\/pages\/3573\/revisions\/21936"}],"up":[{"embeddable":true,"href":"https:\/\/www.dsengineers.com\/fr\/wp-json\/wp\/v2\/pages\/3289"}],"wp:featuredmedia":[{"embeddable":true,"href":"https:\/\/www.dsengineers.com\/fr\/wp-json\/wp\/v2\/media\/2919"}],"wp:attachment":[{"href":"https:\/\/www.dsengineers.com\/fr\/wp-json\/wp\/v2\/media?parent=3573"}],"curies":[{"name":"wp","href":"https:\/\/api.w.org\/{rel}","templated":true}]}}