{"id":4309,"date":"2020-07-22T11:48:26","date_gmt":"2020-07-22T11:48:26","guid":{"rendered":"https:\/\/www.dsengineers.com\/references-dsengineers\/engineering\/"},"modified":"2024-03-13T09:10:36","modified_gmt":"2024-03-13T09:10:36","slug":"references-en-ingenierie","status":"publish","type":"page","link":"https:\/\/www.dsengineers.com\/fr\/references-dsengineers\/references-en-ingenierie\/","title":{"rendered":"Ing\u00e9nierie et audits (\u00e9tudes)"},"content":{"rendered":"<div class=\"wpb-content-wrapper\"><p>[vc_row full_width=\u00a0\u00bbstretch_row_content\u00a0\u00bb css=\u00a0\u00bb.vc_custom_1597747839879{background-color: #ffffff !important;background-position: center !important;background-repeat: no-repeat !important;background-size: contain !important;}\u00a0\u00bb][vc_column][vc_wp_custommenu nav_menu=\u00a0\u00bb12&Prime; el_class=\u00a0\u00bbref-menu pb-2 ml-md-4 mr-md-4&Prime;][\/vc_column][\/vc_row][vc_row][vc_column][vc_column_text]Plus que jamais, un nouvel investissement doit \u00eatre soigneusement \u00e9valu\u00e9, tant sur le plan technique que financier afin que sa faisabilit\u00e9 puisse \u00eatre appr\u00e9ci\u00e9e de mani\u00e8re fiable. La d\u00e9cision d\u2019investissement concerne n&rsquo;importe quel projet et particuli\u00e8rement les unit\u00e9s de premi\u00e8re r\u00e9f\u00e9rence ou les processus innovants pour lesquels il existe peu de benchmark ou de retour d\u2019exp\u00e9rience sur le march\u00e9.<\/p>\n<p>Les grandes entreprises comme les startups ont aujourd&rsquo;hui int\u00e9gr\u00e9 ce besoin d\u2019\u00e9valuation : elles suivent un processus rigoureux au cours duquel le futur projet devra passer par des \u00e9tapes de d\u00e9cision successives avant d&rsquo;\u00eatre \u00e9ventuellement mis en \u0153uvre.<\/p>\n<p>.[\/vc_column_text][vc_single_image image=\u00a0\u00bb19503&Prime; img_size=\u00a0\u00bbfull\u00a0\u00bb alignment=\u00a0\u00bbcenter\u00a0\u00bb][vc_column_text]DSEC peut fournir \u00e0 ses clients une gamme compl\u00e8te de<a href=\"\/fr\/services-et-execution\/audits-etudes-dingenierie-fel1-2-3-feed\/\"><strong> services avant-projet<\/strong><\/a>, par \u00e9tape, comme :<\/p>\n<ul>\n<li><strong>Audits<\/strong> d&rsquo;une unit\u00e9 existante (am\u00e9lioration, revamping),<\/li>\n<li><strong>FEL1<\/strong> \/ Etude de Faisabilit\u00e9, conduisant g\u00e9n\u00e9ralement \u00e0 une estimation de CAPEX de +\/- 30-35%<\/li>\n<li><strong>FEL2<\/strong> \/ Basic Design, conduisant g\u00e9n\u00e9ralement \u00e0 une estimation de CAPEX de +\/- 15-20%<\/li>\n<li><strong>FEL3<\/strong> \/ FEED, conduisant g\u00e9n\u00e9ralement \u00e0 une estimation de CAPEX de +\/- 10%<\/li>\n<\/ul>\n<p>DSEC ex\u00e9cute r\u00e9guli\u00e8rement les missions ci-dessus en vue de d\u00e9marrer la phase d\u2019ex\u00e9cution des projets \u00e0 partir de crit\u00e8res fiables et des objectifs r\u00e9alistes de performance, de budget et de calendrier.<\/p>\n<p>[\/vc_column_text][\/vc_column][\/vc_row][vc_row][vc_column][vc_column_text]<\/p>\n<p style=\"text-align: center;\">D\u00e9couvrez nos projets \u00e0 travers le monde :<\/p>\n<p>[\/vc_column_text][\/vc_column][\/vc_row][vc_row el_class=\u00a0\u00bbht-11&Prime;][vc_column][vc_raw_html]JTNDaWZyYW1lJTIwc3JjJTNEJTIyaHR0cHMlM0ElMkYlMkZiYXRjaGdlby5jb20lMkZtYXAlMkZEU0VDLVByb2plY3RzJTIyJTIwc3R5bGUlM0QlMjJib3JkZXIlM0EwcHglMjAlMjMlMjBub25lJTNCJTIyJTIwbmFtZSUzRCUyMkRlc21ldC1iYXRjaGdlbyUyMiUyMHNjcm9sbGluZyUzRCUyMm5vJTIyJTIwZnJhbWVib3JkZXIlM0QlMjIwJTIyJTIwbWFyZ2luaGVpZ2h0JTNEJTIyMHB4JTIyJTIwbWFyZ2lud2lkdGglM0QlMjIwcHglMjIlMjBoZWlnaHQlM0QlMjI2MDBweCUyMiUyMHdpZHRoJTNEJTIyMTAwJTI1cHglMjIlMjBhbGxvd2Z1bGxzY3JlZW4lM0UlM0MlMkZpZnJhbWUlM0U=[\/vc_raw_html][\/vc_column][\/vc_row]<\/p>\n<\/div>","protected":false},"excerpt":{"rendered":"<p>[vc_row full_width=\u00a0\u00bbstretch_row_content\u00a0\u00bb css=\u00a0\u00bb.vc_custom_1597747839879{background-color: #ffffff !important;background-position: center !important;background-repeat: no-repeat !important;background-size: contain !important;}\u00a0\u00bb][vc_column][vc_wp_custommenu nav_menu=\u00a0\u00bb12&Prime; el_class=\u00a0\u00bbref-menu pb-2 ml-md-4 mr-md-4&Prime;][\/vc_column][\/vc_row][vc_row][vc_column][vc_column_text]Plus que jamais, un nouvel investissement doit \u00eatre soigneusement \u00e9valu\u00e9, tant sur le plan technique que financier afin que sa faisabilit\u00e9 puisse \u00eatre appr\u00e9ci\u00e9e de mani\u00e8re fiable. La d\u00e9cision d\u2019investissement concerne n&rsquo;importe quel projet et particuli\u00e8rement les unit\u00e9s de premi\u00e8re<\/p>\n","protected":false},"author":4,"featured_media":2647,"parent":3651,"menu_order":126,"comment_status":"closed","ping_status":"closed","template":"header-big-nobg.php","meta":{"inline_featured_image":false,"footnotes":""},"class_list":["post-4309","page","type-page","status-publish","has-post-thumbnail","hentry"],"yoast_head":"<!-- This site is optimized with the Yoast SEO plugin v26.6 - https:\/\/yoast.com\/wordpress\/plugins\/seo\/ -->\n<title>Ing\u00e9nierie et audits (\u00e9tudes) | De Smet Engineers &amp; Contractors<\/title>\n<meta name=\"description\" content=\"DSEC peut fournir \u00e0 ses clients une gamme compl\u00e8te de services avant-projet pour \u00e9valuer sa faisabilit\u00e9 au niveau technique et financier.\" \/>\n<meta name=\"robots\" content=\"index, follow, max-snippet:-1, max-image-preview:large, max-video-preview:-1\" \/>\n<link rel=\"canonical\" href=\"https:\/\/www.dsengineers.com\/fr\/references-dsengineers\/references-en-ingenierie\/\" \/>\n<meta property=\"og:locale\" content=\"fr_FR\" \/>\n<meta property=\"og:type\" content=\"article\" \/>\n<meta property=\"og:title\" content=\"Ing\u00e9nierie et audits (\u00e9tudes) | De Smet Engineers &amp; Contractors\" \/>\n<meta property=\"og:description\" content=\"DSEC peut fournir \u00e0 ses clients une gamme compl\u00e8te de services avant-projet pour \u00e9valuer sa faisabilit\u00e9 au niveau technique et financier.\" \/>\n<meta property=\"og:url\" content=\"https:\/\/www.dsengineers.com\/fr\/references-dsengineers\/references-en-ingenierie\/\" \/>\n<meta property=\"og:site_name\" content=\"De Smet Engineers &amp; Contractors\" \/>\n<meta property=\"article:publisher\" content=\"https:\/\/www.facebook.com\/DeSmetEngineers\" \/>\n<meta property=\"article:modified_time\" content=\"2024-03-13T09:10:36+00:00\" \/>\n<meta property=\"og:image\" content=\"https:\/\/www.dsengineers.com\/files\/uploads\/2020\/07\/desmet-references-2.jpg\" \/>\n\t<meta property=\"og:image:width\" content=\"1920\" \/>\n\t<meta property=\"og:image:height\" content=\"710\" \/>\n\t<meta property=\"og:image:type\" content=\"image\/jpeg\" \/>\n<meta name=\"twitter:card\" content=\"summary_large_image\" \/>\n<meta name=\"twitter:label1\" content=\"Dur\u00e9e de lecture estim\u00e9e\" \/>\n\t<meta name=\"twitter:data1\" content=\"1 minute\" \/>\n<script type=\"application\/ld+json\" class=\"yoast-schema-graph\">{\"@context\":\"https:\/\/schema.org\",\"@graph\":[{\"@type\":\"WebPage\",\"@id\":\"https:\/\/www.dsengineers.com\/fr\/references-dsengineers\/references-en-ingenierie\/\",\"url\":\"https:\/\/www.dsengineers.com\/fr\/references-dsengineers\/references-en-ingenierie\/\",\"name\":\"Ing\u00e9nierie et audits (\u00e9tudes) | De Smet Engineers &amp; Contractors\",\"isPartOf\":{\"@id\":\"https:\/\/www.dsengineers.com\/en\/#website\"},\"primaryImageOfPage\":{\"@id\":\"https:\/\/www.dsengineers.com\/fr\/references-dsengineers\/references-en-ingenierie\/#primaryimage\"},\"image\":{\"@id\":\"https:\/\/www.dsengineers.com\/fr\/references-dsengineers\/references-en-ingenierie\/#primaryimage\"},\"thumbnailUrl\":\"https:\/\/www.dsengineers.com\/files\/uploads\/2020\/07\/desmet-references-2.jpg\",\"datePublished\":\"2020-07-22T11:48:26+00:00\",\"dateModified\":\"2024-03-13T09:10:36+00:00\",\"description\":\"DSEC peut fournir \u00e0 ses clients une gamme compl\u00e8te de services avant-projet pour \u00e9valuer sa faisabilit\u00e9 au niveau technique et financier.\",\"breadcrumb\":{\"@id\":\"https:\/\/www.dsengineers.com\/fr\/references-dsengineers\/references-en-ingenierie\/#breadcrumb\"},\"inLanguage\":\"fr-FR\",\"potentialAction\":[{\"@type\":\"ReadAction\",\"target\":[\"https:\/\/www.dsengineers.com\/fr\/references-dsengineers\/references-en-ingenierie\/\"]}]},{\"@type\":\"ImageObject\",\"inLanguage\":\"fr-FR\",\"@id\":\"https:\/\/www.dsengineers.com\/fr\/references-dsengineers\/references-en-ingenierie\/#primaryimage\",\"url\":\"https:\/\/www.dsengineers.com\/files\/uploads\/2020\/07\/desmet-references-2.jpg\",\"contentUrl\":\"https:\/\/www.dsengineers.com\/files\/uploads\/2020\/07\/desmet-references-2.jpg\",\"width\":1920,\"height\":710},{\"@type\":\"BreadcrumbList\",\"@id\":\"https:\/\/www.dsengineers.com\/fr\/references-dsengineers\/references-en-ingenierie\/#breadcrumb\",\"itemListElement\":[{\"@type\":\"ListItem\",\"position\":1,\"name\":\"Accueil\",\"item\":\"https:\/\/www.dsengineers.com\/fr\/\"},{\"@type\":\"ListItem\",\"position\":2,\"name\":\"R\u00e9f\u00e9rences\",\"item\":\"https:\/\/www.dsengineers.com\/fr\/references-dsengineers\/\"},{\"@type\":\"ListItem\",\"position\":3,\"name\":\"Ing\u00e9nierie et audits (\u00e9tudes)\"}]},{\"@type\":\"WebSite\",\"@id\":\"https:\/\/www.dsengineers.com\/en\/#website\",\"url\":\"https:\/\/www.dsengineers.com\/en\/\",\"name\":\"De Smet Engineers &amp; Contractors\",\"description\":\"\",\"publisher\":{\"@id\":\"https:\/\/www.dsengineers.com\/en\/#organization\"},\"potentialAction\":[{\"@type\":\"SearchAction\",\"target\":{\"@type\":\"EntryPoint\",\"urlTemplate\":\"https:\/\/www.dsengineers.com\/en\/?s={search_term_string}\"},\"query-input\":{\"@type\":\"PropertyValueSpecification\",\"valueRequired\":true,\"valueName\":\"search_term_string\"}}],\"inLanguage\":\"fr-FR\"},{\"@type\":\"Organization\",\"@id\":\"https:\/\/www.dsengineers.com\/en\/#organization\",\"name\":\"De Smet Engineers & Contractors\",\"url\":\"https:\/\/www.dsengineers.com\/en\/\",\"logo\":{\"@type\":\"ImageObject\",\"inLanguage\":\"fr-FR\",\"@id\":\"https:\/\/www.dsengineers.com\/en\/#\/schema\/logo\/image\/\",\"url\":\"https:\/\/www.dsengineers.com\/files\/uploads\/2020\/08\/desmet-engineers-logo-web.jpg\",\"contentUrl\":\"https:\/\/www.dsengineers.com\/files\/uploads\/2020\/08\/desmet-engineers-logo-web.jpg\",\"width\":1615,\"height\":609,\"caption\":\"De Smet Engineers & Contractors\"},\"image\":{\"@id\":\"https:\/\/www.dsengineers.com\/en\/#\/schema\/logo\/image\/\"},\"sameAs\":[\"https:\/\/www.facebook.com\/DeSmetEngineers\",\"https:\/\/www.youtube.com\/user\/DeSmetEngineers\"]}]}<\/script>\n<!-- \/ Yoast SEO plugin. -->","yoast_head_json":{"title":"Ing\u00e9nierie et audits (\u00e9tudes) | De Smet Engineers &amp; Contractors","description":"DSEC peut fournir \u00e0 ses clients une gamme compl\u00e8te de services avant-projet pour \u00e9valuer sa faisabilit\u00e9 au niveau technique et financier.","robots":{"index":"index","follow":"follow","max-snippet":"max-snippet:-1","max-image-preview":"max-image-preview:large","max-video-preview":"max-video-preview:-1"},"canonical":"https:\/\/www.dsengineers.com\/fr\/references-dsengineers\/references-en-ingenierie\/","og_locale":"fr_FR","og_type":"article","og_title":"Ing\u00e9nierie et audits (\u00e9tudes) | De Smet Engineers &amp; Contractors","og_description":"DSEC peut fournir \u00e0 ses clients une gamme compl\u00e8te de services avant-projet pour \u00e9valuer sa faisabilit\u00e9 au niveau technique et financier.","og_url":"https:\/\/www.dsengineers.com\/fr\/references-dsengineers\/references-en-ingenierie\/","og_site_name":"De Smet Engineers &amp; Contractors","article_publisher":"https:\/\/www.facebook.com\/DeSmetEngineers","article_modified_time":"2024-03-13T09:10:36+00:00","og_image":[{"width":1920,"height":710,"url":"https:\/\/www.dsengineers.com\/files\/uploads\/2020\/07\/desmet-references-2.jpg","type":"image\/jpeg"}],"twitter_card":"summary_large_image","twitter_misc":{"Dur\u00e9e de lecture estim\u00e9e":"1 minute"},"schema":{"@context":"https:\/\/schema.org","@graph":[{"@type":"WebPage","@id":"https:\/\/www.dsengineers.com\/fr\/references-dsengineers\/references-en-ingenierie\/","url":"https:\/\/www.dsengineers.com\/fr\/references-dsengineers\/references-en-ingenierie\/","name":"Ing\u00e9nierie et audits (\u00e9tudes) | De Smet Engineers &amp; Contractors","isPartOf":{"@id":"https:\/\/www.dsengineers.com\/en\/#website"},"primaryImageOfPage":{"@id":"https:\/\/www.dsengineers.com\/fr\/references-dsengineers\/references-en-ingenierie\/#primaryimage"},"image":{"@id":"https:\/\/www.dsengineers.com\/fr\/references-dsengineers\/references-en-ingenierie\/#primaryimage"},"thumbnailUrl":"https:\/\/www.dsengineers.com\/files\/uploads\/2020\/07\/desmet-references-2.jpg","datePublished":"2020-07-22T11:48:26+00:00","dateModified":"2024-03-13T09:10:36+00:00","description":"DSEC peut fournir \u00e0 ses clients une gamme compl\u00e8te de services avant-projet pour \u00e9valuer sa faisabilit\u00e9 au niveau technique et financier.","breadcrumb":{"@id":"https:\/\/www.dsengineers.com\/fr\/references-dsengineers\/references-en-ingenierie\/#breadcrumb"},"inLanguage":"fr-FR","potentialAction":[{"@type":"ReadAction","target":["https:\/\/www.dsengineers.com\/fr\/references-dsengineers\/references-en-ingenierie\/"]}]},{"@type":"ImageObject","inLanguage":"fr-FR","@id":"https:\/\/www.dsengineers.com\/fr\/references-dsengineers\/references-en-ingenierie\/#primaryimage","url":"https:\/\/www.dsengineers.com\/files\/uploads\/2020\/07\/desmet-references-2.jpg","contentUrl":"https:\/\/www.dsengineers.com\/files\/uploads\/2020\/07\/desmet-references-2.jpg","width":1920,"height":710},{"@type":"BreadcrumbList","@id":"https:\/\/www.dsengineers.com\/fr\/references-dsengineers\/references-en-ingenierie\/#breadcrumb","itemListElement":[{"@type":"ListItem","position":1,"name":"Accueil","item":"https:\/\/www.dsengineers.com\/fr\/"},{"@type":"ListItem","position":2,"name":"R\u00e9f\u00e9rences","item":"https:\/\/www.dsengineers.com\/fr\/references-dsengineers\/"},{"@type":"ListItem","position":3,"name":"Ing\u00e9nierie et audits (\u00e9tudes)"}]},{"@type":"WebSite","@id":"https:\/\/www.dsengineers.com\/en\/#website","url":"https:\/\/www.dsengineers.com\/en\/","name":"De Smet Engineers &amp; Contractors","description":"","publisher":{"@id":"https:\/\/www.dsengineers.com\/en\/#organization"},"potentialAction":[{"@type":"SearchAction","target":{"@type":"EntryPoint","urlTemplate":"https:\/\/www.dsengineers.com\/en\/?s={search_term_string}"},"query-input":{"@type":"PropertyValueSpecification","valueRequired":true,"valueName":"search_term_string"}}],"inLanguage":"fr-FR"},{"@type":"Organization","@id":"https:\/\/www.dsengineers.com\/en\/#organization","name":"De Smet Engineers & Contractors","url":"https:\/\/www.dsengineers.com\/en\/","logo":{"@type":"ImageObject","inLanguage":"fr-FR","@id":"https:\/\/www.dsengineers.com\/en\/#\/schema\/logo\/image\/","url":"https:\/\/www.dsengineers.com\/files\/uploads\/2020\/08\/desmet-engineers-logo-web.jpg","contentUrl":"https:\/\/www.dsengineers.com\/files\/uploads\/2020\/08\/desmet-engineers-logo-web.jpg","width":1615,"height":609,"caption":"De Smet Engineers & Contractors"},"image":{"@id":"https:\/\/www.dsengineers.com\/en\/#\/schema\/logo\/image\/"},"sameAs":["https:\/\/www.facebook.com\/DeSmetEngineers","https:\/\/www.youtube.com\/user\/DeSmetEngineers"]}]}},"_links":{"self":[{"href":"https:\/\/www.dsengineers.com\/fr\/wp-json\/wp\/v2\/pages\/4309","targetHints":{"allow":["GET"]}}],"collection":[{"href":"https:\/\/www.dsengineers.com\/fr\/wp-json\/wp\/v2\/pages"}],"about":[{"href":"https:\/\/www.dsengineers.com\/fr\/wp-json\/wp\/v2\/types\/page"}],"author":[{"embeddable":true,"href":"https:\/\/www.dsengineers.com\/fr\/wp-json\/wp\/v2\/users\/4"}],"replies":[{"embeddable":true,"href":"https:\/\/www.dsengineers.com\/fr\/wp-json\/wp\/v2\/comments?post=4309"}],"version-history":[{"count":7,"href":"https:\/\/www.dsengineers.com\/fr\/wp-json\/wp\/v2\/pages\/4309\/revisions"}],"predecessor-version":[{"id":19801,"href":"https:\/\/www.dsengineers.com\/fr\/wp-json\/wp\/v2\/pages\/4309\/revisions\/19801"}],"up":[{"embeddable":true,"href":"https:\/\/www.dsengineers.com\/fr\/wp-json\/wp\/v2\/pages\/3651"}],"wp:featuredmedia":[{"embeddable":true,"href":"https:\/\/www.dsengineers.com\/fr\/wp-json\/wp\/v2\/media\/2647"}],"wp:attachment":[{"href":"https:\/\/www.dsengineers.com\/fr\/wp-json\/wp\/v2\/media?parent=4309"}],"curies":[{"name":"wp","href":"https:\/\/api.w.org\/{rel}","templated":true}]}}